{"id":61,"date":"2024-07-17T10:40:02","date_gmt":"2024-07-17T08:40:02","guid":{"rendered":"https:\/\/hotelaiguaclarabegur.com\/?page_id=61"},"modified":"2026-01-13T23:45:26","modified_gmt":"2026-01-13T22:45:26","slug":"politica-de-privacidad","status":"publish","type":"page","link":"https:\/\/hotelaiguaclarabegur.com\/cat\/politica-de-privacidad\/","title":{"rendered":"Pol\u00edtica de privacitat"},"content":{"rendered":"\t\t<div data-elementor-type=\"wp-page\" data-elementor-id=\"61\" class=\"elementor elementor-61\" data-elementor-post-type=\"page\">\n\t\t\t\t<div class=\"elementor-element elementor-element-5b67b6e e-flex e-con-boxed e-con e-parent\" data-id=\"5b67b6e\" data-element_type=\"container\" data-e-type=\"container\">\n\t\t\t\t\t<div class=\"e-con-inner\">\n\t\t<div class=\"elementor-element elementor-element-62bdc8e e-con-full e-flex e-con e-child\" data-id=\"62bdc8e\" data-element_type=\"container\" data-e-type=\"container\">\n\t\t\t\t<div class=\"elementor-element elementor-element-b614631 elementor-widget elementor-widget-text-editor\" data-id=\"b614631\" data-element_type=\"widget\" data-e-type=\"widget\" data-widget_type=\"text-editor.default\">\n\t\t\t\t\t\t\t\t\t<h2 data-start=\"238\" data-end=\"280\"><strong data-start=\"241\" data-end=\"280\">POL\u00cdTICA DE PRIVACITAT DEL LLOC WEB<\/strong><\/h2><p data-start=\"282\" data-end=\"296\">hotelaiguaclarabegur.com<\/p><h2 data-start=\"298\" data-end=\"348\"><strong data-start=\"301\" data-end=\"348\">POL\u00cdTICA DE PRIVACITAT I PROTECCI\u00d3 DE DADES<\/strong><\/h2><p data-start=\"350\" data-end=\"614\">Respectant el que estableix la legislaci\u00f3 vigent, A Quatre Vents De Begur SL (d\u2019ara endavant, tamb\u00e9 el Lloc Web) es compromet a adoptar les mesures t\u00e8cniques i organitzatives necess\u00e0ries, d\u2019acord amb el nivell de seguretat adequat al risc de les dades recollides.<\/p><hr data-start=\"616\" data-end=\"619\" \/><h2 data-start=\"621\" data-end=\"678\"><strong data-start=\"624\" data-end=\"678\">Lleis que incorpora aquesta pol\u00edtica de privacitat<\/strong><\/h2><p data-start=\"680\" data-end=\"863\">Aquesta pol\u00edtica de privacitat est\u00e0 adaptada a la normativa espanyola i europea vigent en mat\u00e8ria de protecci\u00f3 de dades personals a internet. En concret, compleix les seg\u00fcents normes:<\/p><ul data-start=\"865\" data-end=\"1328\"><li data-start=\"865\" data-end=\"960\"><p data-start=\"867\" data-end=\"960\">El Reglament (UE) 2016\/679 del Parlament Europeu i del Consell, de 27 d\u2019abril de 2016 (RGPD).<\/p><\/li><li data-start=\"961\" data-end=\"1080\"><p data-start=\"963\" data-end=\"1080\">La Llei org\u00e0nica 3\/2018, de 5 de desembre, de protecci\u00f3 de dades personals i garantia dels drets digitals (LOPD-GDD).<\/p><\/li><li data-start=\"1081\" data-end=\"1216\"><p data-start=\"1083\" data-end=\"1216\">El Reial decret 1720\/2007, de 21 de desembre, pel qual s\u2019aprova el Reglament de desenvolupament de la Llei org\u00e0nica 15\/1999 (RDLOPD).<\/p><\/li><li data-start=\"1217\" data-end=\"1328\"><p data-start=\"1219\" data-end=\"1328\">La Llei 34\/2002, d\u201911 de juliol, de serveis de la societat de la informaci\u00f3 i de comer\u00e7 electr\u00f2nic (LSSI-CE).<\/p><\/li><\/ul><hr data-start=\"1330\" data-end=\"1333\" \/><h2 data-start=\"1335\" data-end=\"1405\"><strong data-start=\"1338\" data-end=\"1405\">Identitat del responsable del tractament de les dades personals<\/strong><\/h2><p data-start=\"1407\" data-end=\"1607\">El responsable del tractament de les dades personals recollides a A Quatre Vents De Begur SL \u00e9s: , amb NIF: (d\u2019ara endavant, Responsable del tractament). Les seves dades de contacte s\u00f3n les seg\u00fcents:<\/p><p data-start=\"1609\" data-end=\"1953\">El responsable del tractament de les dades personals recollides a A Quatre Vents De Begur SL \u00e9s: A Quatre Vents De Begur SL, amb NIF\/CIF: B17629973 i inscrit a: , amb les seg\u00fcents dades registrals:<br data-start=\"1846\" data-end=\"1849\" \/>, el representant del qual \u00e9s: joan lluis ros (d\u2019ara endavant, Responsable del tractament).<\/p><p data-start=\"1955\" data-end=\"1973\">Dades de contacte:<\/p><p data-start=\"1975\" data-end=\"2115\">Adre\u00e7a: Calle Sant Miquel, 2  17255 Begur Girona<br data-start=\"2007\" data-end=\"2010\" \/>Tel\u00e8fon de contacte: 679867055<br data-start=\"2054\" data-end=\"2057\" \/>Fax:<br data-start=\"2061\" data-end=\"2064\" \/>Correu electr\u00f2nic de contacte: joan@hotelaiguaclara.com<\/p><hr data-start=\"2117\" data-end=\"2120\" \/><h2 data-start=\"2122\" data-end=\"2167\"><strong data-start=\"2125\" data-end=\"2167\">Registre de dades de car\u00e0cter personal<\/strong><\/h2><p data-start=\"2169\" data-end=\"2599\">En compliment del que estableixen el RGPD i la LOPD-GDD, s\u2019informa que les dades personals recollides per A Quatre Vents De Begur SL mitjan\u00e7ant els formularis del Lloc Web quedaran incorporades i seran tractades en un fitxer amb la finalitat de facilitar, agilitzar i complir els compromisos establerts entre A Quatre Vents De Begur SL i l\u2019Usuari, mantenir la relaci\u00f3 derivada dels formularis o atendre sol\u00b7licituds o consultes.<\/p><p data-start=\"2601\" data-end=\"2768\">Aix\u00ed mateix, es mant\u00e9 un registre d\u2019activitats de tractament conforme a l\u2019article 30 del RGPD, excepte en els sup\u00f2sits previstos a l\u2019article 30.5 del mateix reglament.<\/p><hr data-start=\"2770\" data-end=\"2773\" \/><h2 data-start=\"2775\" data-end=\"2839\"><strong data-start=\"2778\" data-end=\"2839\">Principis aplicables al tractament de les dades personals<\/strong><\/h2><p data-start=\"2841\" data-end=\"2924\">El tractament de les dades personals de l\u2019Usuari es regir\u00e0 pels seg\u00fcents principis:<\/p><ul data-start=\"2926\" data-end=\"3153\"><li data-start=\"2926\" data-end=\"2966\"><p data-start=\"2928\" data-end=\"2966\"><strong data-start=\"2928\" data-end=\"2966\">Licitud, lleialtat i transpar\u00e8ncia<\/strong><\/p><\/li><li data-start=\"2967\" data-end=\"2998\"><p data-start=\"2969\" data-end=\"2998\"><strong data-start=\"2969\" data-end=\"2998\">Limitaci\u00f3 de la finalitat<\/strong><\/p><\/li><li data-start=\"2999\" data-end=\"3026\"><p data-start=\"3001\" data-end=\"3026\"><strong data-start=\"3001\" data-end=\"3026\">Minimitzaci\u00f3 de dades<\/strong><\/p><\/li><li data-start=\"3027\" data-end=\"3042\"><p data-start=\"3029\" data-end=\"3042\"><strong data-start=\"3029\" data-end=\"3042\">Exactitud<\/strong><\/p><\/li><li data-start=\"3043\" data-end=\"3085\"><p data-start=\"3045\" data-end=\"3085\"><strong data-start=\"3045\" data-end=\"3085\">Limitaci\u00f3 del termini de conservaci\u00f3<\/strong><\/p><\/li><li data-start=\"3086\" data-end=\"3121\"><p data-start=\"3088\" data-end=\"3121\"><strong data-start=\"3088\" data-end=\"3121\">Integritat i confidencialitat<\/strong><\/p><\/li><li data-start=\"3122\" data-end=\"3153\"><p data-start=\"3124\" data-end=\"3153\"><strong data-start=\"3124\" data-end=\"3153\">Responsabilitat proactiva<\/strong><\/p><\/li><\/ul><hr data-start=\"3155\" data-end=\"3158\" \/><h2 data-start=\"3160\" data-end=\"3196\"><strong data-start=\"3163\" data-end=\"3196\">Categories de dades personals<\/strong><\/h2><p data-start=\"3198\" data-end=\"3368\">Les dades tractades per A Quatre Vents De Begur SL poden incloure dades identificatives i, si escau, categories especials de dades personals segons l\u2019article 9 del RGPD.<\/p><p data-start=\"3370\" data-end=\"3626\">S\u2019entenen com a categories especials les dades que revelen l\u2019origen racial o \u00e8tnic, opinions pol\u00edtiques, conviccions religioses o filos\u00f2fiques, afiliaci\u00f3 sindical, dades gen\u00e8tiques, biom\u00e8triques, relatives a la salut o a la vida sexual o orientaci\u00f3 sexual.<\/p><p data-start=\"3628\" data-end=\"3713\">El tractament d\u2019aquestes dades requerir\u00e0 sempre el consentiment expl\u00edcit de l\u2019Usuari.<\/p><hr data-start=\"3715\" data-end=\"3718\" \/><h2 data-start=\"3720\" data-end=\"3752\"><strong data-start=\"3723\" data-end=\"3752\">Base legal del tractament<\/strong><\/h2><p data-start=\"3754\" data-end=\"3942\">La base legal del tractament \u00e9s el <strong data-start=\"3789\" data-end=\"3805\">consentiment<\/strong> de l\u2019Usuari, que podr\u00e0 retirar-lo en qualsevol moment de manera tan senzilla com el va atorgar, sense que aix\u00f2 afecti l\u2019\u00fas del Lloc Web.<\/p><hr data-start=\"3944\" data-end=\"3947\" \/><h2 data-start=\"3949\" data-end=\"3981\"><strong data-start=\"3952\" data-end=\"3981\">Finalitats del tractament<\/strong><\/h2><p data-start=\"3983\" data-end=\"4221\">Les dades personals es tracten amb la finalitat de gestionar la relaci\u00f3 amb l\u2019Usuari, atendre consultes o sol\u00b7licituds, complir obligacions legals i desenvolupar activitats comercials, estad\u00edstiques i de millora del servei i del Lloc Web.<\/p><hr data-start=\"4223\" data-end=\"4226\" \/><h2 data-start=\"4228\" data-end=\"4270\"><strong data-start=\"4231\" data-end=\"4270\">Termini de conservaci\u00f3 de les dades<\/strong><\/h2><p data-start=\"4272\" data-end=\"4472\">Les dades personals es conservaran durant el temps m\u00ednim necessari per a la finalitat del seu tractament i, en tot cas, durant el termini de <strong data-start=\"4413\" data-end=\"4423\">0 dies<\/strong>, o fins que l\u2019Usuari en sol\u00b7liciti la supressi\u00f3.<\/p><hr data-start=\"4474\" data-end=\"4477\" \/><h2 data-start=\"4479\" data-end=\"4521\"><strong data-start=\"4482\" data-end=\"4521\">Destinataris de les dades personals<\/strong><\/h2><p data-start=\"4523\" data-end=\"4647\">Les dades personals no seran comunicades a tercers, llevat d\u2019obligaci\u00f3 legal o en els casos degudament informats a l\u2019Usuari.<\/p><hr data-start=\"4649\" data-end=\"4652\" \/><h2 data-start=\"4654\" data-end=\"4693\"><strong data-start=\"4657\" data-end=\"4693\">Dades personals de menors d\u2019edat<\/strong><\/h2><p data-start=\"4695\" data-end=\"4888\">Nom\u00e9s els majors de 14 anys poden prestar consentiment per al tractament de les seves dades personals. En el cas de menors de 14 anys, ser\u00e0 necessari el consentiment dels pares o tutors legals.<\/p><hr data-start=\"4890\" data-end=\"4893\" \/><h2 data-start=\"4895\" data-end=\"4943\"><strong data-start=\"4898\" data-end=\"4943\">Secret i seguretat de les dades personals<\/strong><\/h2><p data-start=\"4945\" data-end=\"5172\">A Quatre Vents De Begur SL adopta les mesures t\u00e8cniques i organitzatives necess\u00e0ries per garantir la seguretat de les dades personals. El Lloc Web disposa de certificat SSL que assegura la transmissi\u00f3 xifrada de la informaci\u00f3.<\/p><p data-start=\"5174\" data-end=\"5296\">En cas de violaci\u00f3 de seguretat que comporti un alt risc per als drets dels Usuaris, es comunicar\u00e0 sense dilaci\u00f3 indeguda.<\/p><hr data-start=\"5298\" data-end=\"5301\" \/><h2 data-start=\"5303\" data-end=\"5327\"><strong data-start=\"5306\" data-end=\"5327\">Drets de l\u2019Usuari<\/strong><\/h2><p data-start=\"5329\" data-end=\"5369\">L\u2019Usuari pot exercir els drets seg\u00fcents:<\/p><ul data-start=\"5371\" data-end=\"5545\"><li data-start=\"5371\" data-end=\"5380\"><p data-start=\"5373\" data-end=\"5380\">Acc\u00e9s<\/p><\/li><li data-start=\"5381\" data-end=\"5397\"><p data-start=\"5383\" data-end=\"5397\">Rectificaci\u00f3<\/p><\/li><li data-start=\"5398\" data-end=\"5428\"><p data-start=\"5400\" data-end=\"5428\">Supressi\u00f3 (dret a l\u2019oblit)<\/p><\/li><li data-start=\"5429\" data-end=\"5457\"><p data-start=\"5431\" data-end=\"5457\">Limitaci\u00f3 del tractament<\/p><\/li><li data-start=\"5458\" data-end=\"5487\"><p data-start=\"5460\" data-end=\"5487\">Portabilitat de les dades<\/p><\/li><li data-start=\"5488\" data-end=\"5500\"><p data-start=\"5490\" data-end=\"5500\">Oposici\u00f3<\/p><\/li><li data-start=\"5501\" data-end=\"5545\"><p data-start=\"5503\" data-end=\"5545\">No ser objecte de decisions automatitzades<\/p><\/li><\/ul><p data-start=\"5547\" data-end=\"5625\">Les sol\u00b7licituds s\u2019han d\u2019enviar amb la refer\u00e8ncia <strong data-start=\"5597\" data-end=\"5622\">\u201cRGPD-hotelaiguaclarabegur.com\u201d<\/strong> a:<\/p><p data-start=\"5627\" data-end=\"5708\">Adre\u00e7a postal: Calle Sant Miquel, 2  17255 Begur Girona<br data-start=\"5666\" data-end=\"5669\" \/>Correu electr\u00f2nic: joan@hotelaiguaclara.com<\/p><hr data-start=\"5710\" data-end=\"5713\" \/><h2 data-start=\"5715\" data-end=\"5753\"><strong data-start=\"5718\" data-end=\"5753\">Enlla\u00e7os a llocs web de tercers<\/strong><\/h2><p data-start=\"5755\" data-end=\"5933\">El Lloc Web pot contenir enlla\u00e7os a llocs web de tercers, que disposen de les seves pr\u00f2pies pol\u00edtiques de privacitat i de les quals A Quatre Vents De Begur SL no \u00e9s responsable.<\/p><hr data-start=\"5935\" data-end=\"5938\" \/><h2 data-start=\"5940\" data-end=\"5989\"><strong data-start=\"5943\" data-end=\"5989\">Reclamacions davant l\u2019autoritat de control<\/strong><\/h2><p data-start=\"5991\" data-end=\"6167\">L\u2019Usuari pot presentar una reclamaci\u00f3 davant l\u2019autoritat de control competent. A Espanya, aquesta autoritat \u00e9s l\u2019Ag\u00e8ncia Espanyola de Protecci\u00f3 de Dades:<br data-start=\"6144\" data-end=\"6147\" \/><a class=\"decorated-link\" href=\"https:\/\/www.aepd.es\/\" target=\"_new\" rel=\"noopener\" data-start=\"6147\" data-end=\"6167\">https:\/\/www.aepd.es\/<\/a><\/p><hr data-start=\"6169\" data-end=\"6172\" \/><h2 data-start=\"6174\" data-end=\"6240\"><strong data-start=\"6177\" data-end=\"6240\">Acceptaci\u00f3 i modificacions d\u2019aquesta pol\u00edtica de privacitat<\/strong><\/h2><p data-start=\"6242\" data-end=\"6405\">L\u2019\u00fas del Lloc Web implica l\u2019acceptaci\u00f3 d\u2019aquesta Pol\u00edtica de Privacitat.<br data-start=\"6314\" data-end=\"6317\" \/>A Quatre Vents De Begur SL es reserva el dret de modificar-la sense notificaci\u00f3 pr\u00e8via.<\/p><p data-start=\"6407\" data-end=\"6517\">Aquest document va ser creat mitjan\u00e7ant un generador de pol\u00edtiques de privacitat online el dia <strong data-start=\"6502\" data-end=\"6516\">17\/07\/2024<\/strong>.<\/p>\t\t\t\t\t\t\t\t<\/div>\n\t\t\t\t<\/div>\n\t\t\t\t\t<\/div>\n\t\t\t\t<\/div>\n\t\t\t\t<\/div>\n\t\t","protected":false},"excerpt":{"rendered":"<p>POL\u00cdTICA DE PRIVACITAT DEL LLOC WEB POL\u00cdTICA DE PRIVACITAT I PROTECCI\u00d3 DE DADES Respectant el que estableix la legislaci\u00f3 vigent, (d\u2019ara endavant, tamb\u00e9 el Lloc Web) es compromet a adoptar les mesures t\u00e8cniques i organitzatives necess\u00e0ries, d\u2019acord amb el nivell de seguretat adequat al risc de les dades recollides. Lleis que incorpora aquesta pol\u00edtica de [&hellip;]<\/p>\n","protected":false},"author":1,"featured_media":0,"parent":0,"menu_order":0,"comment_status":"closed","ping_status":"closed","template":"elementor_header_footer","meta":{"footnotes":""},"class_list":["post-61","page","type-page","status-publish","hentry"],"yoast_head":"<!-- This site is optimized with the Yoast SEO plugin v27.4 - https:\/\/yoast.com\/product\/yoast-seo-wordpress\/ -->\n<title>Pol\u00edtica de privacitat - Hotel boutique Aiguaclara a Begur<\/title>\n<meta name=\"robots\" content=\"noindex, nofollow\" \/>\n<meta property=\"og:locale\" content=\"es_ES\" \/>\n<meta property=\"og:type\" content=\"article\" \/>\n<meta property=\"og:title\" content=\"Pol\u00edtica de privacitat - Hotel boutique Aiguaclara a Begur\" \/>\n<meta property=\"og:description\" content=\"POL\u00cdTICA DE PRIVACITAT DEL LLOC WEB POL\u00cdTICA DE PRIVACITAT I PROTECCI\u00d3 DE DADES Respectant el que estableix la legislaci\u00f3 vigent, (d\u2019ara endavant, tamb\u00e9 el Lloc Web) es compromet a adoptar les mesures t\u00e8cniques i organitzatives necess\u00e0ries, d\u2019acord amb el nivell de seguretat adequat al risc de les dades recollides. Lleis que incorpora aquesta pol\u00edtica de [&hellip;]\" \/>\n<meta property=\"og:url\" content=\"https:\/\/hotelaiguaclarabegur.com\/cat\/politica-de-privacidad\/\" \/>\n<meta property=\"og:site_name\" content=\"Hotel boutique Aiguaclara a Begur\" \/>\n<meta property=\"article:modified_time\" content=\"2026-01-13T22:45:26+00:00\" \/>\n<meta name=\"twitter:card\" content=\"summary_large_image\" \/>\n<meta name=\"twitter:label1\" content=\"Tiempo de lectura\" \/>\n\t<meta name=\"twitter:data1\" content=\"4 minutos\" \/>\n<script type=\"application\/ld+json\" class=\"yoast-schema-graph\">{\"@context\":\"https:\\\/\\\/schema.org\",\"@graph\":[{\"@type\":\"WebPage\",\"@id\":\"https:\\\/\\\/hotelaiguaclarabegur.com\\\/cat\\\/politica-de-privacidad\\\/\",\"url\":\"https:\\\/\\\/hotelaiguaclarabegur.com\\\/cat\\\/politica-de-privacidad\\\/\",\"name\":\"Pol\u00edtica de privacitat - Hotel boutique Aiguaclara a Begur\",\"isPartOf\":{\"@id\":\"https:\\\/\\\/hotelaiguaclarabegur.com\\\/cat\\\/#website\"},\"datePublished\":\"2024-07-17T08:40:02+00:00\",\"dateModified\":\"2026-01-13T22:45:26+00:00\",\"breadcrumb\":{\"@id\":\"https:\\\/\\\/hotelaiguaclarabegur.com\\\/cat\\\/politica-de-privacidad\\\/#breadcrumb\"},\"inLanguage\":\"es\",\"potentialAction\":[{\"@type\":\"ReadAction\",\"target\":[\"https:\\\/\\\/hotelaiguaclarabegur.com\\\/cat\\\/politica-de-privacidad\\\/\"]}]},{\"@type\":\"BreadcrumbList\",\"@id\":\"https:\\\/\\\/hotelaiguaclarabegur.com\\\/cat\\\/politica-de-privacidad\\\/#breadcrumb\",\"itemListElement\":[{\"@type\":\"ListItem\",\"position\":1,\"name\":\"Portada\",\"item\":\"https:\\\/\\\/hotelaiguaclarabegur.com\\\/cat\\\/\"},{\"@type\":\"ListItem\",\"position\":2,\"name\":\"Pol\u00edtica de privacitat\"}]},{\"@type\":\"WebSite\",\"@id\":\"https:\\\/\\\/hotelaiguaclarabegur.com\\\/cat\\\/#website\",\"url\":\"https:\\\/\\\/hotelaiguaclarabegur.com\\\/cat\\\/\",\"name\":\"Hotel boutique Aiguaclara a Begur\",\"description\":\"Hotel Restaurante con encanto en Begur\",\"publisher\":{\"@id\":\"https:\\\/\\\/hotelaiguaclarabegur.com\\\/cat\\\/#organization\"},\"potentialAction\":[{\"@type\":\"SearchAction\",\"target\":{\"@type\":\"EntryPoint\",\"urlTemplate\":\"https:\\\/\\\/hotelaiguaclarabegur.com\\\/cat\\\/?s={search_term_string}\"},\"query-input\":{\"@type\":\"PropertyValueSpecification\",\"valueRequired\":true,\"valueName\":\"search_term_string\"}}],\"inLanguage\":\"es\"},{\"@type\":\"Organization\",\"@id\":\"https:\\\/\\\/hotelaiguaclarabegur.com\\\/cat\\\/#organization\",\"name\":\"Hotel boutique Aiguaclara a Begur\",\"url\":\"https:\\\/\\\/hotelaiguaclarabegur.com\\\/cat\\\/\",\"logo\":{\"@type\":\"ImageObject\",\"inLanguage\":\"es\",\"@id\":\"https:\\\/\\\/hotelaiguaclarabegur.com\\\/cat\\\/#\\\/schema\\\/logo\\\/image\\\/\",\"url\":\"https:\\\/\\\/hotelaiguaclarabegur.com\\\/cat\\\/wp-content\\\/uploads\\\/sites\\\/4\\\/Logo-Aiguaclara.webp\",\"contentUrl\":\"https:\\\/\\\/hotelaiguaclarabegur.com\\\/cat\\\/wp-content\\\/uploads\\\/sites\\\/4\\\/Logo-Aiguaclara.webp\",\"width\":400,\"height\":183,\"caption\":\"Hotel boutique Aiguaclara a Begur\"},\"image\":{\"@id\":\"https:\\\/\\\/hotelaiguaclarabegur.com\\\/cat\\\/#\\\/schema\\\/logo\\\/image\\\/\"}}]}<\/script>\n<!-- \/ Yoast SEO plugin. -->","yoast_head_json":{"title":"Pol\u00edtica de privacitat - Hotel boutique Aiguaclara a Begur","robots":{"index":"noindex","follow":"nofollow"},"og_locale":"es_ES","og_type":"article","og_title":"Pol\u00edtica de privacitat - Hotel boutique Aiguaclara a Begur","og_description":"POL\u00cdTICA DE PRIVACITAT DEL LLOC WEB POL\u00cdTICA DE PRIVACITAT I PROTECCI\u00d3 DE DADES Respectant el que estableix la legislaci\u00f3 vigent, (d\u2019ara endavant, tamb\u00e9 el Lloc Web) es compromet a adoptar les mesures t\u00e8cniques i organitzatives necess\u00e0ries, d\u2019acord amb el nivell de seguretat adequat al risc de les dades recollides. Lleis que incorpora aquesta pol\u00edtica de [&hellip;]","og_url":"https:\/\/hotelaiguaclarabegur.com\/cat\/politica-de-privacidad\/","og_site_name":"Hotel boutique Aiguaclara a Begur","article_modified_time":"2026-01-13T22:45:26+00:00","twitter_card":"summary_large_image","twitter_misc":{"Tiempo de lectura":"4 minutos"},"schema":{"@context":"https:\/\/schema.org","@graph":[{"@type":"WebPage","@id":"https:\/\/hotelaiguaclarabegur.com\/cat\/politica-de-privacidad\/","url":"https:\/\/hotelaiguaclarabegur.com\/cat\/politica-de-privacidad\/","name":"Pol\u00edtica de privacitat - Hotel boutique Aiguaclara a Begur","isPartOf":{"@id":"https:\/\/hotelaiguaclarabegur.com\/cat\/#website"},"datePublished":"2024-07-17T08:40:02+00:00","dateModified":"2026-01-13T22:45:26+00:00","breadcrumb":{"@id":"https:\/\/hotelaiguaclarabegur.com\/cat\/politica-de-privacidad\/#breadcrumb"},"inLanguage":"es","potentialAction":[{"@type":"ReadAction","target":["https:\/\/hotelaiguaclarabegur.com\/cat\/politica-de-privacidad\/"]}]},{"@type":"BreadcrumbList","@id":"https:\/\/hotelaiguaclarabegur.com\/cat\/politica-de-privacidad\/#breadcrumb","itemListElement":[{"@type":"ListItem","position":1,"name":"Portada","item":"https:\/\/hotelaiguaclarabegur.com\/cat\/"},{"@type":"ListItem","position":2,"name":"Pol\u00edtica de privacitat"}]},{"@type":"WebSite","@id":"https:\/\/hotelaiguaclarabegur.com\/cat\/#website","url":"https:\/\/hotelaiguaclarabegur.com\/cat\/","name":"Hotel boutique Aiguaclara a Begur","description":"Hotel Restaurante con encanto en Begur","publisher":{"@id":"https:\/\/hotelaiguaclarabegur.com\/cat\/#organization"},"potentialAction":[{"@type":"SearchAction","target":{"@type":"EntryPoint","urlTemplate":"https:\/\/hotelaiguaclarabegur.com\/cat\/?s={search_term_string}"},"query-input":{"@type":"PropertyValueSpecification","valueRequired":true,"valueName":"search_term_string"}}],"inLanguage":"es"},{"@type":"Organization","@id":"https:\/\/hotelaiguaclarabegur.com\/cat\/#organization","name":"Hotel boutique Aiguaclara a Begur","url":"https:\/\/hotelaiguaclarabegur.com\/cat\/","logo":{"@type":"ImageObject","inLanguage":"es","@id":"https:\/\/hotelaiguaclarabegur.com\/cat\/#\/schema\/logo\/image\/","url":"https:\/\/hotelaiguaclarabegur.com\/cat\/wp-content\/uploads\/sites\/4\/Logo-Aiguaclara.webp","contentUrl":"https:\/\/hotelaiguaclarabegur.com\/cat\/wp-content\/uploads\/sites\/4\/Logo-Aiguaclara.webp","width":400,"height":183,"caption":"Hotel boutique Aiguaclara a Begur"},"image":{"@id":"https:\/\/hotelaiguaclarabegur.com\/cat\/#\/schema\/logo\/image\/"}}]}},"_links":{"self":[{"href":"https:\/\/hotelaiguaclarabegur.com\/cat\/wp-json\/wp\/v2\/pages\/61","targetHints":{"allow":["GET"]}}],"collection":[{"href":"https:\/\/hotelaiguaclarabegur.com\/cat\/wp-json\/wp\/v2\/pages"}],"about":[{"href":"https:\/\/hotelaiguaclarabegur.com\/cat\/wp-json\/wp\/v2\/types\/page"}],"author":[{"embeddable":true,"href":"https:\/\/hotelaiguaclarabegur.com\/cat\/wp-json\/wp\/v2\/users\/1"}],"replies":[{"embeddable":true,"href":"https:\/\/hotelaiguaclarabegur.com\/cat\/wp-json\/wp\/v2\/comments?post=61"}],"version-history":[{"count":7,"href":"https:\/\/hotelaiguaclarabegur.com\/cat\/wp-json\/wp\/v2\/pages\/61\/revisions"}],"predecessor-version":[{"id":4148,"href":"https:\/\/hotelaiguaclarabegur.com\/cat\/wp-json\/wp\/v2\/pages\/61\/revisions\/4148"}],"wp:attachment":[{"href":"https:\/\/hotelaiguaclarabegur.com\/cat\/wp-json\/wp\/v2\/media?parent=61"}],"curies":[{"name":"wp","href":"https:\/\/api.w.org\/{rel}","templated":true}]}}