{"id":67,"date":"2024-07-17T11:04:24","date_gmt":"2024-07-17T09:04:24","guid":{"rendered":"https:\/\/hotelaiguaclarabegur.com\/?page_id=67"},"modified":"2026-01-13T23:42:16","modified_gmt":"2026-01-13T22:42:16","slug":"aviso-legal","status":"publish","type":"page","link":"https:\/\/hotelaiguaclarabegur.com\/cat\/aviso-legal\/","title":{"rendered":"Av\u00eds legal"},"content":{"rendered":"\t\t<div data-elementor-type=\"wp-page\" data-elementor-id=\"67\" class=\"elementor elementor-67\" data-elementor-post-type=\"page\">\n\t\t\t\t<div class=\"elementor-element elementor-element-26f6002 e-flex e-con-boxed e-con e-parent\" data-id=\"26f6002\" data-element_type=\"container\" data-e-type=\"container\">\n\t\t\t\t\t<div class=\"e-con-inner\">\n\t\t<div class=\"elementor-element elementor-element-36ce598 e-con-full e-flex e-con e-child\" data-id=\"36ce598\" data-element_type=\"container\" data-e-type=\"container\">\n\t\t\t\t<div class=\"elementor-element elementor-element-f0be4bc elementor-widget elementor-widget-text-editor\" data-id=\"f0be4bc\" data-element_type=\"widget\" data-e-type=\"widget\" data-widget_type=\"text-editor.default\">\n\t\t\t\t\t\t\t\t\t<h2 data-start=\"201\" data-end=\"245\"><strong data-start=\"204\" data-end=\"245\">AV\u00cdS LEGAL I CONDICIONS GENERALS D\u2019\u00daS<\/strong><\/h2><p data-start=\"247\" data-end=\"261\">hotelaiguaclarabegur.com<\/p><h3 data-start=\"263\" data-end=\"289\"><strong data-start=\"267\" data-end=\"289\">INFORMACI\u00d3 GENERAL<\/strong><\/h3><p data-start=\"291\" data-end=\"515\">En compliment del deure d\u2019informaci\u00f3 establert a la Llei 34\/2002, d\u201911 de juliol, de Serveis de la Societat de la Informaci\u00f3 i del Comer\u00e7 Electr\u00f2nic (LSSI-CE), es faciliten a continuaci\u00f3 les dades generals d\u2019aquest lloc web:<\/p><p data-start=\"517\" data-end=\"660\">La titularitat d\u2019aquest lloc web, hotelaiguaclarabegur.com (d\u2019ara endavant, el Lloc Web), correspon a: , amb NIF: , i amb les seg\u00fcents dades de contacte:<\/p><p data-start=\"662\" data-end=\"992\">La titularitat d\u2019aquest lloc web, hotelaiguaclarabegur.com (d\u2019ara endavant, el Lloc Web), correspon a: A Quatre Vents De Begur SL, amb NIF: B17629973 i inscrita a:  amb les seg\u00fcents dades registrals:<br data-start=\"890\" data-end=\"893\" \/>, el representant de la qual \u00e9s: joan lluis ros, i amb les seg\u00fcents dades de contacte:<\/p><p data-start=\"994\" data-end=\"1134\">Adre\u00e7a: Calle Sant Miquel, 2  17255 Begur Girona<br data-start=\"1026\" data-end=\"1029\" \/>Tel\u00e8fon de contacte: 679867055<br data-start=\"1073\" data-end=\"1076\" \/>Fax:<br data-start=\"1080\" data-end=\"1083\" \/>Correu electr\u00f2nic de contacte: joan@hotelaiguaclara.com<\/p><hr data-start=\"1136\" data-end=\"1139\" \/><h2 data-start=\"1141\" data-end=\"1181\"><strong data-start=\"1144\" data-end=\"1181\">TERMES I CONDICIONS GENERALS D\u2019\u00daS<\/strong><\/h2><h3 data-start=\"1183\" data-end=\"1229\"><strong data-start=\"1187\" data-end=\"1229\">Objecte de les condicions: el Lloc Web<\/strong><\/h3><p data-start=\"1231\" data-end=\"1765\">L\u2019objecte de les presents Condicions Generals d\u2019\u00das (d\u2019ara endavant, Condicions) \u00e9s regular l\u2019acc\u00e9s i la utilitzaci\u00f3 del Lloc Web. A l\u2019efecte d\u2019aquestes Condicions, s\u2019entendr\u00e0 per Lloc Web: l\u2019aparen\u00e7a externa dels interf\u00edcies de pantalla, tant de forma est\u00e0tica com din\u00e0mica, \u00e9s a dir, l\u2019arbre de navegaci\u00f3; i tots els elements integrats tant als interf\u00edcies de pantalla com a l\u2019arbre de navegaci\u00f3 (d\u2019ara endavant, Continguts) i tots aquells serveis o recursos en l\u00ednia que, si escau, s\u2019ofereixin als Usuaris (d\u2019ara endavant, Serveis).<\/p><p data-start=\"1767\" data-end=\"2153\">A Quatre Vents De Begur SL es reserva la facultat de modificar, en qualsevol moment i sense av\u00eds previ, la presentaci\u00f3 i configuraci\u00f3 del Lloc Web i dels Continguts i Serveis que hi puguin estar incorporats. L\u2019Usuari reconeix i accepta que en qualsevol moment A Quatre Vents De Begur SL pugui interrompre, desactivar i\/o cancel\u00b7lar qualsevol d\u2019aquests elements o l\u2019acc\u00e9s als mateixos.<\/p><p data-start=\"2155\" data-end=\"2444\">L\u2019acc\u00e9s al Lloc Web per part de l\u2019Usuari t\u00e9 car\u00e0cter lliure i, amb car\u00e0cter general, \u00e9s gratu\u00eft, sense que l\u2019Usuari hagi de proporcionar cap contraprestaci\u00f3, excepte pel cost de connexi\u00f3 a trav\u00e9s de la xarxa de telecomunicacions subministrada pel prove\u00efdor d\u2019acc\u00e9s contractat per l\u2019Usuari.<\/p><p data-start=\"2446\" data-end=\"2743\">Alguns dels Continguts o Serveis oferts per A Quatre Vents De Begur SL o, si escau, per tercers a trav\u00e9s del Lloc Web poden estar subjectes a contractaci\u00f3 pr\u00e8via, en aquest cas s\u2019indicar\u00e0 de manera clara i\/o es posaran a disposici\u00f3 de l\u2019Usuari les corresponents condicions generals o particulars.<\/p><p data-start=\"2745\" data-end=\"2936\">La utilitzaci\u00f3 d\u2019alguns Continguts o Serveis del Lloc Web pot requerir la subscripci\u00f3 o registre previ de l\u2019Usuari.<br data-start=\"2860\" data-end=\"2863\" \/>La utilitzaci\u00f3 dels Continguts no requereix subscripci\u00f3 o registre previ.<\/p><hr data-start=\"2938\" data-end=\"2941\" \/><h2 data-start=\"2943\" data-end=\"2958\"><strong data-start=\"2946\" data-end=\"2958\">L\u2019Usuari<\/strong><\/h2><p data-start=\"2960\" data-end=\"3372\">L\u2019acc\u00e9s, navegaci\u00f3 i \u00fas del Lloc Web, aix\u00ed com dels espais habilitats per a la interacci\u00f3 entre Usuaris, o entre l\u2019Usuari i A Quatre Vents De Begur SL, com ara comentaris o espais de blogging, confereixen la condici\u00f3 d\u2019Usuari, acceptant-se des del primer moment totes les Condicions aqu\u00ed establertes, aix\u00ed com les seves modificacions posteriors, sense perjudici de l\u2019aplicaci\u00f3 de la normativa legal obligat\u00f2ria.<\/p><p data-start=\"3374\" data-end=\"3456\">L\u2019Usuari assumeix la responsabilitat d\u2019un \u00fas correcte del Lloc Web, que s\u2019est\u00e9n a:<\/p><ul data-start=\"3458\" data-end=\"3714\"><li data-start=\"3458\" data-end=\"3550\"><p data-start=\"3460\" data-end=\"3550\">Un \u00fas adequat dels Continguts i Serveis, d\u2019acord amb la llei, la moral i l\u2019ordre p\u00fablic.<\/p><\/li><li data-start=\"3551\" data-end=\"3621\"><p data-start=\"3553\" data-end=\"3621\">La veracitat i licitud de les dades facilitades en els formularis.<\/p><\/li><li data-start=\"3622\" data-end=\"3714\"><p data-start=\"3624\" data-end=\"3714\">Comunicar immediatament a A Quatre Vents De Begur SL qualsevol \u00fas indegut de credencials.<\/p><\/li><\/ul><p data-start=\"3716\" data-end=\"3867\">A Quatre Vents De Begur SL es reserva el dret de retirar comentaris o aportacions que vulnerin la llei, la dignitat de la persona o siguin inadequats.<\/p><p data-start=\"3869\" data-end=\"3943\">El mer acc\u00e9s al Lloc Web no implica l\u2019exist\u00e8ncia de cap relaci\u00f3 comercial.<\/p><p data-start=\"3945\" data-end=\"4071\">L\u2019Usuari declara ser major d\u2019edat i disposar de capacitat jur\u00eddica suficient. Aquest Lloc Web no est\u00e0 dirigit a menors d\u2019edat.<\/p><p data-start=\"4073\" data-end=\"4230\">El Lloc Web est\u00e0 dirigit principalment a Usuaris residents a Espanya. A Quatre Vents De Begur SL no garanteix el compliment de legislacions d\u2019altres pa\u00efsos.<\/p><hr data-start=\"4232\" data-end=\"4235\" \/><h2 data-start=\"4237\" data-end=\"4319\"><strong data-start=\"4240\" data-end=\"4319\">III. ACC\u00c9S I NAVEGACI\u00d3 AL LLOC WEB: EXCLUSI\u00d3 DE GARANTIES I RESPONSABILITAT<\/strong><\/h2><p data-start=\"4321\" data-end=\"4506\">A Quatre Vents De Begur SL no garanteix la continu\u00eftat, disponibilitat ni utilitat del Lloc Web ni dels seus Continguts o Serveis, ni que l\u2019acc\u00e9s sigui ininterromput o lliure d\u2019errors.<\/p><p data-start=\"4508\" data-end=\"4639\">No es responsabilitza dels danys causats als sistemes inform\u00e0tics de l\u2019Usuari ni de l\u2019exist\u00e8ncia de virus o altres elements nocius.<\/p><hr data-start=\"4641\" data-end=\"4644\" \/><h2 data-start=\"4646\" data-end=\"4672\"><strong data-start=\"4649\" data-end=\"4672\">POL\u00cdTICA D\u2019ENLLA\u00c7OS<\/strong><\/h2><p data-start=\"4674\" data-end=\"4810\">El Lloc Web pot contenir enlla\u00e7os a llocs web de tercers. Aquests enlla\u00e7os tenen com a finalitat facilitar l\u2019acc\u00e9s a informaci\u00f3 externa.<\/p><p data-start=\"4812\" data-end=\"4970\">A Quatre Vents De Begur SL no comercialitza ni garanteix els productes o serveis dels llocs enlla\u00e7ats, ni assumeix responsabilitat sobre els seus continguts.<\/p><p data-start=\"4972\" data-end=\"5095\">L\u2019establiment d\u2019un hiperenlla\u00e7 no implica cap relaci\u00f3 entre A Quatre Vents De Begur SL i el titular del lloc web enlla\u00e7at.<\/p><hr data-start=\"5097\" data-end=\"5100\" \/><h2 data-start=\"5102\" data-end=\"5145\"><strong data-start=\"5105\" data-end=\"5145\">PROPIETAT INTEL\u00b7LECTUAL I INDUSTRIAL<\/strong><\/h2><p data-start=\"5147\" data-end=\"5326\">A Quatre Vents De Begur SL \u00e9s titular de tots els drets de propietat intel\u00b7lectual i industrial del Lloc Web i dels seus continguts, que estan protegits per la legislaci\u00f3 vigent.<\/p><p data-start=\"5328\" data-end=\"5464\">Queda prohibida la reproducci\u00f3, distribuci\u00f3 o comunicaci\u00f3 p\u00fablica dels continguts amb finalitats comercials sense autoritzaci\u00f3 expressa.<\/p><hr data-start=\"5466\" data-end=\"5469\" \/><h2 data-start=\"5471\" data-end=\"5528\"><strong data-start=\"5474\" data-end=\"5528\">ACCIONS LEGALS, LEGISLACI\u00d3 APLICABLE I JURISDICCI\u00d3<\/strong><\/h2><p data-start=\"5530\" data-end=\"5616\">A Quatre Vents De Begur SL es reserva el dret d\u2019exercir les accions legals oportunes.<\/p><p data-start=\"5618\" data-end=\"5774\">La relaci\u00f3 entre l\u2019Usuari i Alojamientos tur\u00edsticos es regir\u00e0 per la legislaci\u00f3 espanyola vigent. Les parts se sotmetran als jutjats i tribunals competents.<\/p><p data-start=\"5776\" data-end=\"5914\">Aquest document d\u2019Av\u00eds Legal i Condicions Generals d\u2019\u00das ha estat creat mitjan\u00e7ant un generador de plantilles online el dia <strong data-start=\"5899\" data-end=\"5913\">17\/07\/2024<\/strong>.<\/p>\t\t\t\t\t\t\t\t<\/div>\n\t\t\t\t<\/div>\n\t\t\t\t\t<\/div>\n\t\t\t\t<\/div>\n\t\t\t\t<\/div>\n\t\t","protected":false},"excerpt":{"rendered":"<p>AV\u00cdS LEGAL I CONDICIONS GENERALS D\u2019\u00daS INFORMACI\u00d3 GENERAL En compliment del deure d\u2019informaci\u00f3 establert a la Llei 34\/2002, d\u201911 de juliol, de Serveis de la Societat de la Informaci\u00f3 i del Comer\u00e7 Electr\u00f2nic (LSSI-CE), es faciliten a continuaci\u00f3 les dades generals d\u2019aquest lloc web: La titularitat d\u2019aquest lloc web, (d\u2019ara endavant, el Lloc Web), correspon [&hellip;]<\/p>\n","protected":false},"author":1,"featured_media":0,"parent":0,"menu_order":0,"comment_status":"closed","ping_status":"closed","template":"elementor_header_footer","meta":{"footnotes":""},"class_list":["post-67","page","type-page","status-publish","hentry"],"yoast_head":"<!-- This site is optimized with the Yoast SEO plugin v27.4 - https:\/\/yoast.com\/product\/yoast-seo-wordpress\/ -->\n<title>Av\u00eds legal - Hotel boutique Aiguaclara a Begur<\/title>\n<meta name=\"robots\" content=\"noindex, nofollow\" \/>\n<meta property=\"og:locale\" content=\"es_ES\" \/>\n<meta property=\"og:type\" content=\"article\" \/>\n<meta property=\"og:title\" content=\"Av\u00eds legal - Hotel boutique Aiguaclara a Begur\" \/>\n<meta property=\"og:description\" content=\"AV\u00cdS LEGAL I CONDICIONS GENERALS D\u2019\u00daS INFORMACI\u00d3 GENERAL En compliment del deure d\u2019informaci\u00f3 establert a la Llei 34\/2002, d\u201911 de juliol, de Serveis de la Societat de la Informaci\u00f3 i del Comer\u00e7 Electr\u00f2nic (LSSI-CE), es faciliten a continuaci\u00f3 les dades generals d\u2019aquest lloc web: La titularitat d\u2019aquest lloc web, (d\u2019ara endavant, el Lloc Web), correspon [&hellip;]\" \/>\n<meta property=\"og:url\" content=\"https:\/\/hotelaiguaclarabegur.com\/cat\/aviso-legal\/\" \/>\n<meta property=\"og:site_name\" content=\"Hotel boutique Aiguaclara a Begur\" \/>\n<meta property=\"article:modified_time\" content=\"2026-01-13T22:42:16+00:00\" \/>\n<meta name=\"twitter:card\" content=\"summary_large_image\" \/>\n<meta name=\"twitter:label1\" content=\"Tiempo de lectura\" \/>\n\t<meta name=\"twitter:data1\" content=\"4 minutos\" \/>\n<script type=\"application\/ld+json\" class=\"yoast-schema-graph\">{\"@context\":\"https:\\\/\\\/schema.org\",\"@graph\":[{\"@type\":\"WebPage\",\"@id\":\"https:\\\/\\\/hotelaiguaclarabegur.com\\\/cat\\\/aviso-legal\\\/\",\"url\":\"https:\\\/\\\/hotelaiguaclarabegur.com\\\/cat\\\/aviso-legal\\\/\",\"name\":\"Av\u00eds legal - Hotel boutique Aiguaclara a Begur\",\"isPartOf\":{\"@id\":\"https:\\\/\\\/hotelaiguaclarabegur.com\\\/cat\\\/#website\"},\"datePublished\":\"2024-07-17T09:04:24+00:00\",\"dateModified\":\"2026-01-13T22:42:16+00:00\",\"breadcrumb\":{\"@id\":\"https:\\\/\\\/hotelaiguaclarabegur.com\\\/cat\\\/aviso-legal\\\/#breadcrumb\"},\"inLanguage\":\"es\",\"potentialAction\":[{\"@type\":\"ReadAction\",\"target\":[\"https:\\\/\\\/hotelaiguaclarabegur.com\\\/cat\\\/aviso-legal\\\/\"]}]},{\"@type\":\"BreadcrumbList\",\"@id\":\"https:\\\/\\\/hotelaiguaclarabegur.com\\\/cat\\\/aviso-legal\\\/#breadcrumb\",\"itemListElement\":[{\"@type\":\"ListItem\",\"position\":1,\"name\":\"Portada\",\"item\":\"https:\\\/\\\/hotelaiguaclarabegur.com\\\/cat\\\/\"},{\"@type\":\"ListItem\",\"position\":2,\"name\":\"Av\u00eds legal\"}]},{\"@type\":\"WebSite\",\"@id\":\"https:\\\/\\\/hotelaiguaclarabegur.com\\\/cat\\\/#website\",\"url\":\"https:\\\/\\\/hotelaiguaclarabegur.com\\\/cat\\\/\",\"name\":\"Hotel boutique Aiguaclara a Begur\",\"description\":\"Hotel Restaurante con encanto en Begur\",\"publisher\":{\"@id\":\"https:\\\/\\\/hotelaiguaclarabegur.com\\\/cat\\\/#organization\"},\"potentialAction\":[{\"@type\":\"SearchAction\",\"target\":{\"@type\":\"EntryPoint\",\"urlTemplate\":\"https:\\\/\\\/hotelaiguaclarabegur.com\\\/cat\\\/?s={search_term_string}\"},\"query-input\":{\"@type\":\"PropertyValueSpecification\",\"valueRequired\":true,\"valueName\":\"search_term_string\"}}],\"inLanguage\":\"es\"},{\"@type\":\"Organization\",\"@id\":\"https:\\\/\\\/hotelaiguaclarabegur.com\\\/cat\\\/#organization\",\"name\":\"Hotel boutique Aiguaclara a Begur\",\"url\":\"https:\\\/\\\/hotelaiguaclarabegur.com\\\/cat\\\/\",\"logo\":{\"@type\":\"ImageObject\",\"inLanguage\":\"es\",\"@id\":\"https:\\\/\\\/hotelaiguaclarabegur.com\\\/cat\\\/#\\\/schema\\\/logo\\\/image\\\/\",\"url\":\"https:\\\/\\\/hotelaiguaclarabegur.com\\\/cat\\\/wp-content\\\/uploads\\\/sites\\\/4\\\/Logo-Aiguaclara.webp\",\"contentUrl\":\"https:\\\/\\\/hotelaiguaclarabegur.com\\\/cat\\\/wp-content\\\/uploads\\\/sites\\\/4\\\/Logo-Aiguaclara.webp\",\"width\":400,\"height\":183,\"caption\":\"Hotel boutique Aiguaclara a Begur\"},\"image\":{\"@id\":\"https:\\\/\\\/hotelaiguaclarabegur.com\\\/cat\\\/#\\\/schema\\\/logo\\\/image\\\/\"}}]}<\/script>\n<!-- \/ Yoast SEO plugin. -->","yoast_head_json":{"title":"Av\u00eds legal - Hotel boutique Aiguaclara a Begur","robots":{"index":"noindex","follow":"nofollow"},"og_locale":"es_ES","og_type":"article","og_title":"Av\u00eds legal - Hotel boutique Aiguaclara a Begur","og_description":"AV\u00cdS LEGAL I CONDICIONS GENERALS D\u2019\u00daS INFORMACI\u00d3 GENERAL En compliment del deure d\u2019informaci\u00f3 establert a la Llei 34\/2002, d\u201911 de juliol, de Serveis de la Societat de la Informaci\u00f3 i del Comer\u00e7 Electr\u00f2nic (LSSI-CE), es faciliten a continuaci\u00f3 les dades generals d\u2019aquest lloc web: La titularitat d\u2019aquest lloc web, (d\u2019ara endavant, el Lloc Web), correspon [&hellip;]","og_url":"https:\/\/hotelaiguaclarabegur.com\/cat\/aviso-legal\/","og_site_name":"Hotel boutique Aiguaclara a Begur","article_modified_time":"2026-01-13T22:42:16+00:00","twitter_card":"summary_large_image","twitter_misc":{"Tiempo de lectura":"4 minutos"},"schema":{"@context":"https:\/\/schema.org","@graph":[{"@type":"WebPage","@id":"https:\/\/hotelaiguaclarabegur.com\/cat\/aviso-legal\/","url":"https:\/\/hotelaiguaclarabegur.com\/cat\/aviso-legal\/","name":"Av\u00eds legal - Hotel boutique Aiguaclara a Begur","isPartOf":{"@id":"https:\/\/hotelaiguaclarabegur.com\/cat\/#website"},"datePublished":"2024-07-17T09:04:24+00:00","dateModified":"2026-01-13T22:42:16+00:00","breadcrumb":{"@id":"https:\/\/hotelaiguaclarabegur.com\/cat\/aviso-legal\/#breadcrumb"},"inLanguage":"es","potentialAction":[{"@type":"ReadAction","target":["https:\/\/hotelaiguaclarabegur.com\/cat\/aviso-legal\/"]}]},{"@type":"BreadcrumbList","@id":"https:\/\/hotelaiguaclarabegur.com\/cat\/aviso-legal\/#breadcrumb","itemListElement":[{"@type":"ListItem","position":1,"name":"Portada","item":"https:\/\/hotelaiguaclarabegur.com\/cat\/"},{"@type":"ListItem","position":2,"name":"Av\u00eds legal"}]},{"@type":"WebSite","@id":"https:\/\/hotelaiguaclarabegur.com\/cat\/#website","url":"https:\/\/hotelaiguaclarabegur.com\/cat\/","name":"Hotel boutique Aiguaclara a Begur","description":"Hotel Restaurante con encanto en Begur","publisher":{"@id":"https:\/\/hotelaiguaclarabegur.com\/cat\/#organization"},"potentialAction":[{"@type":"SearchAction","target":{"@type":"EntryPoint","urlTemplate":"https:\/\/hotelaiguaclarabegur.com\/cat\/?s={search_term_string}"},"query-input":{"@type":"PropertyValueSpecification","valueRequired":true,"valueName":"search_term_string"}}],"inLanguage":"es"},{"@type":"Organization","@id":"https:\/\/hotelaiguaclarabegur.com\/cat\/#organization","name":"Hotel boutique Aiguaclara a Begur","url":"https:\/\/hotelaiguaclarabegur.com\/cat\/","logo":{"@type":"ImageObject","inLanguage":"es","@id":"https:\/\/hotelaiguaclarabegur.com\/cat\/#\/schema\/logo\/image\/","url":"https:\/\/hotelaiguaclarabegur.com\/cat\/wp-content\/uploads\/sites\/4\/Logo-Aiguaclara.webp","contentUrl":"https:\/\/hotelaiguaclarabegur.com\/cat\/wp-content\/uploads\/sites\/4\/Logo-Aiguaclara.webp","width":400,"height":183,"caption":"Hotel boutique Aiguaclara a Begur"},"image":{"@id":"https:\/\/hotelaiguaclarabegur.com\/cat\/#\/schema\/logo\/image\/"}}]}},"_links":{"self":[{"href":"https:\/\/hotelaiguaclarabegur.com\/cat\/wp-json\/wp\/v2\/pages\/67","targetHints":{"allow":["GET"]}}],"collection":[{"href":"https:\/\/hotelaiguaclarabegur.com\/cat\/wp-json\/wp\/v2\/pages"}],"about":[{"href":"https:\/\/hotelaiguaclarabegur.com\/cat\/wp-json\/wp\/v2\/types\/page"}],"author":[{"embeddable":true,"href":"https:\/\/hotelaiguaclarabegur.com\/cat\/wp-json\/wp\/v2\/users\/1"}],"replies":[{"embeddable":true,"href":"https:\/\/hotelaiguaclarabegur.com\/cat\/wp-json\/wp\/v2\/comments?post=67"}],"version-history":[{"count":7,"href":"https:\/\/hotelaiguaclarabegur.com\/cat\/wp-json\/wp\/v2\/pages\/67\/revisions"}],"predecessor-version":[{"id":4141,"href":"https:\/\/hotelaiguaclarabegur.com\/cat\/wp-json\/wp\/v2\/pages\/67\/revisions\/4141"}],"wp:attachment":[{"href":"https:\/\/hotelaiguaclarabegur.com\/cat\/wp-json\/wp\/v2\/media?parent=67"}],"curies":[{"name":"wp","href":"https:\/\/api.w.org\/{rel}","templated":true}]}}