{"id":72,"date":"2024-07-17T11:08:17","date_gmt":"2024-07-17T09:08:17","guid":{"rendered":"https:\/\/hotelaiguaclarabegur.com\/?page_id=72"},"modified":"2026-01-13T23:43:41","modified_gmt":"2026-01-13T22:43:41","slug":"politica-de-cookies","status":"publish","type":"page","link":"https:\/\/hotelaiguaclarabegur.com\/cat\/politica-de-cookies\/","title":{"rendered":"Pol\u00edtica de cookies"},"content":{"rendered":"\t\t<div data-elementor-type=\"wp-page\" data-elementor-id=\"72\" class=\"elementor elementor-72\" data-elementor-post-type=\"page\">\n\t\t\t\t<div class=\"elementor-element elementor-element-18a2821 e-flex e-con-boxed e-con e-parent\" data-id=\"18a2821\" data-element_type=\"container\" data-e-type=\"container\">\n\t\t\t\t\t<div class=\"e-con-inner\">\n\t\t<div class=\"elementor-element elementor-element-be67688 e-con-full e-flex e-con e-child\" data-id=\"be67688\" data-element_type=\"container\" data-e-type=\"container\">\n\t\t\t\t<div class=\"elementor-element elementor-element-bde42a3 elementor-widget elementor-widget-text-editor\" data-id=\"bde42a3\" data-element_type=\"widget\" data-e-type=\"widget\" data-widget_type=\"text-editor.default\">\n\t\t\t\t\t\t\t\t\t<h2 data-start=\"180\" data-end=\"206\"><strong data-start=\"183\" data-end=\"206\">POL\u00cdTICA DE COOKIES<\/strong><\/h2><p data-start=\"208\" data-end=\"222\">hotelaiguaclarabegur.com<\/p><p data-start=\"224\" data-end=\"682\">L\u2019acc\u00e9s a aquest Lloc Web pot implicar la utilitzaci\u00f3 de cookies. Les cookies s\u00f3n petites quantitats d\u2019informaci\u00f3 que s\u2019emmagatzemen al navegador utilitzat per cada Usuari \u2014en els diferents dispositius que pugui utilitzar per navegar\u2014 perqu\u00e8 el servidor recordi determinada informaci\u00f3 que posteriorment i \u00fanicament el servidor que la va implementar podr\u00e0 llegir. Les cookies faciliten la navegaci\u00f3, la fan m\u00e9s amigable i no danyen el dispositiu de navegaci\u00f3.<\/p><p data-start=\"684\" data-end=\"1009\">Les cookies s\u00f3n procediments autom\u00e0tics de recollida d\u2019informaci\u00f3 relativa a les prefer\u00e8ncies determinades per l\u2019Usuari durant la seva visita al Lloc Web amb la finalitat de recon\u00e8ixer-lo com a Usuari i personalitzar la seva experi\u00e8ncia i l\u2019\u00fas del Lloc Web, i poden tamb\u00e9, per exemple, ajudar a identificar i resoldre errors.<\/p><p data-start=\"1011\" data-end=\"1597\">La informaci\u00f3 recollida a trav\u00e9s de les cookies pot incloure la data i hora de les visites al Lloc Web, les p\u00e0gines visualitzades, el temps que s\u2019ha estat al Lloc Web i els llocs visitats just abans i despr\u00e9s del mateix. Tanmateix, cap cookie permet contactar amb el n\u00famero de tel\u00e8fon de l\u2019Usuari ni amb cap altre mitj\u00e0 de contacte personal. Cap cookie pot extreure informaci\u00f3 del disc dur de l\u2019Usuari ni robar informaci\u00f3 personal. L\u2019\u00fanica manera que la informaci\u00f3 privada de l\u2019Usuari formi part de l\u2019arxiu cookie \u00e9s que l\u2019Usuari proporcioni personalment aquesta informaci\u00f3 al servidor.<\/p><p data-start=\"1599\" data-end=\"2020\">Les cookies que permeten identificar una persona es consideren dades personals. Per tant, els ser\u00e0 aplicable la Pol\u00edtica de Privacitat descrita anteriorment. En aquest sentit, per a la seva utilitzaci\u00f3 ser\u00e0 necessari el consentiment de l\u2019Usuari. Aquest consentiment ser\u00e0 comunicat, sobre la base d\u2019una elecci\u00f3 aut\u00e8ntica, mitjan\u00e7ant una decisi\u00f3 afirmativa i positiva, abans del tractament inicial, revocable i documentada.<\/p><hr data-start=\"2022\" data-end=\"2025\" \/><h3 data-start=\"2027\" data-end=\"2050\"><strong data-start=\"2031\" data-end=\"2050\">Cookies pr\u00f2pies<\/strong><\/h3><p data-start=\"2052\" data-end=\"2525\">S\u00f3n aquelles cookies que s\u2019envien a l\u2019ordinador o dispositiu de l\u2019Usuari i que s\u00f3n gestionades exclusivament per A Quatre Vents De Begur SL per al millor funcionament del Lloc Web. La informaci\u00f3 que es recull s\u2019utilitza per millorar la qualitat del Lloc Web, el seu Contingut i l\u2019experi\u00e8ncia com a Usuari. Aquestes cookies permeten recon\u00e8ixer l\u2019Usuari com a visitant recurrent del Lloc Web i adaptar el contingut per oferir-li continguts ajustats a les seves prefer\u00e8ncies.<\/p><hr data-start=\"2527\" data-end=\"2530\" \/><h3 data-start=\"2532\" data-end=\"2558\"><strong data-start=\"2536\" data-end=\"2558\">Cookies de tercers<\/strong><\/h3><p data-start=\"2560\" data-end=\"2958\">S\u00f3n cookies utilitzades i gestionades per entitats externes que proporcionen a A Quatre Vents De Begur SL serveis sol\u00b7licitats per aquest amb la finalitat de millorar el Lloc Web i l\u2019experi\u00e8ncia de l\u2019Usuari en navegar-hi. Els principals objectius de les cookies de tercers s\u00f3n obtenir estad\u00edstiques d\u2019acc\u00e9s i analitzar la informaci\u00f3 de navegaci\u00f3, \u00e9s a dir, com interactua l\u2019Usuari amb el Lloc Web.<\/p><p data-start=\"2960\" data-end=\"3464\">La informaci\u00f3 obtinguda fa refer\u00e8ncia, per exemple, al nombre de p\u00e0gines visitades, l\u2019idioma, el lloc des del qual accedeix l\u2019Usuari segons la seva adre\u00e7a IP, el nombre d\u2019Usuaris que accedeixen, la freq\u00fc\u00e8ncia i reincid\u00e8ncia de les visites, el temps de visita, el navegador utilitzat, l\u2019operador o el tipus de dispositiu des del qual es realitza la visita. Aquesta informaci\u00f3 s\u2019utilitza per millorar el Lloc Web i detectar noves necessitats per oferir als Usuaris continguts i\/o serveis d\u2019\u00f2ptima qualitat.<\/p><p data-start=\"3466\" data-end=\"3609\">En tot cas, la informaci\u00f3 es recopila de manera an\u00f2nima i s\u2019elaboren informes de tend\u00e8ncies del Lloc Web sense identificar Usuaris individuals.<\/p><p data-start=\"3611\" data-end=\"3845\">Podeu obtenir m\u00e9s informaci\u00f3 sobre les cookies, la informaci\u00f3 sobre la privacitat o consultar la descripci\u00f3 del tipus de cookies utilitzades, les seves caracter\u00edstiques principals, el per\u00edode de caducitat, etc., als seg\u00fcents enlla\u00e7os:<\/p><p data-start=\"3847\" data-end=\"3931\"><a class=\"decorated-link\" href=\"https:\/\/analytics.google.com\/\" target=\"_new\" rel=\"noopener\" data-start=\"3847\" data-end=\"3876\">https:\/\/analytics.google.com\/<\/a><br data-start=\"3876\" data-end=\"3879\" \/><a class=\"decorated-link\" href=\"https:\/\/es-es.facebook.com\/business\/tools\/meta-pixel\" target=\"_new\" rel=\"noopener\" data-start=\"3879\" data-end=\"3931\">https:\/\/es-es.facebook.com\/business\/tools\/meta-pixel<\/a><\/p><p data-start=\"3933\" data-end=\"4149\">L\u2019entitat o entitats encarregades del subministrament de cookies poden cedir aquesta informaci\u00f3 a tercers, sempre que ho exigeixi la llei o que sigui un tercer qui processi aquesta informaci\u00f3 per a aquestes entitats.<\/p><hr data-start=\"4151\" data-end=\"4154\" \/><h3 data-start=\"4156\" data-end=\"4189\"><strong data-start=\"4160\" data-end=\"4189\">Cookies de xarxes socials<\/strong><\/h3><p data-start=\"4191\" data-end=\"4725\">A Quatre Vents De Begur SL incorpora connectors de xarxes socials que permeten accedir-hi a partir del Lloc Web. Per aquest motiu, les cookies de xarxes socials poden emmagatzemar-se al navegador de l\u2019Usuari. Els titulars d\u2019aquestes xarxes socials disposen de les seves pr\u00f2pies pol\u00edtiques de protecci\u00f3 de dades i de cookies, sent ells mateixos responsables dels seus fitxers i pr\u00e0ctiques de privacitat. L\u2019Usuari ha de consultar-les per informar-se sobre aquestes cookies i, si escau, sobre el tractament de les seves dades personals.<\/p><p data-start=\"4727\" data-end=\"4836\">A t\u00edtol merament informatiu, s\u2019indiquen a continuaci\u00f3 els enlla\u00e7os on es poden consultar aquestes pol\u00edtiques:<\/p><p data-start=\"4838\" data-end=\"5191\">Facebook: <a class=\"decorated-link\" href=\"https:\/\/www.facebook.com\/policies\/cookies\/\" target=\"_new\" rel=\"noopener\" data-start=\"4848\" data-end=\"4890\">https:\/\/www.facebook.com\/policies\/cookies\/<\/a><br data-start=\"4890\" data-end=\"4893\" \/>Twitter: <a class=\"decorated-link\" href=\"https:\/\/twitter.com\/es\/privacy\" target=\"_new\" rel=\"noopener\" data-start=\"4902\" data-end=\"4932\">https:\/\/twitter.com\/es\/privacy<\/a><br data-start=\"4932\" data-end=\"4935\" \/>Instagram: <a class=\"decorated-link\" href=\"https:\/\/help.instagram.com\/1896641480634370?ref=ig\" target=\"_new\" rel=\"noopener\" data-start=\"4946\" data-end=\"4996\">https:\/\/help.instagram.com\/1896641480634370?ref=ig<\/a><br data-start=\"4996\" data-end=\"4999\" \/>YouTube: <a class=\"decorated-link\" href=\"https:\/\/policies.google.com\/privacy?hl=es-419&amp;gl=mx\" target=\"_new\" rel=\"noopener\" data-start=\"5008\" data-end=\"5059\">https:\/\/policies.google.com\/privacy?hl=es-419&amp;gl=mx<\/a><br data-start=\"5059\" data-end=\"5062\" \/>Pinterest: <a class=\"decorated-link\" href=\"https:\/\/policy.pinterest.com\/es\/privacy-policy\" target=\"_new\" rel=\"noopener\" data-start=\"5073\" data-end=\"5119\">https:\/\/policy.pinterest.com\/es\/privacy-policy<\/a><br data-start=\"5119\" data-end=\"5122\" \/>LinkedIn: <a class=\"decorated-link\" href=\"https:\/\/www.linkedin.com\/legal\/cookie-policy?trk=hp-cookies\" target=\"_new\" rel=\"noopener\" data-start=\"5132\" data-end=\"5191\">https:\/\/www.linkedin.com\/legal\/cookie-policy?trk=hp-cookies<\/a><\/p><hr data-start=\"5193\" data-end=\"5196\" \/><h3 data-start=\"5198\" data-end=\"5245\"><strong data-start=\"5202\" data-end=\"5245\">Desactivar, rebutjar i eliminar cookies<\/strong><\/h3><p data-start=\"5247\" data-end=\"5682\">L\u2019Usuari pot desactivar, rebutjar i eliminar les cookies \u2014totalment o parcialment\u2014 instal\u00b7lades al seu dispositiu mitjan\u00e7ant la configuraci\u00f3 del seu navegador (com ara Chrome, Firefox, Safari, Explorer, entre d\u2019altres). En aquest sentit, els procediments per rebutjar i eliminar cookies poden variar d\u2019un navegador a un altre. En conseq\u00fc\u00e8ncia, l\u2019Usuari ha de consultar les instruccions facilitades pel navegador que estigui utilitzant.<\/p><p data-start=\"5684\" data-end=\"5873\">En el cas que es rebutgi l\u2019\u00fas de cookies \u2014totalment o parcialment\u2014, l\u2019Usuari podr\u00e0 continuar utilitzant el Lloc Web, tot i que algunes de les seves funcionalitats podrien veure\u2019s limitades.<\/p><p data-start=\"5875\" data-end=\"6004\">Aquest document de Pol\u00edtica de Cookies ha estat creat mitjan\u00e7ant un generador de plantilles online gratu\u00eft el dia <strong data-start=\"5989\" data-end=\"6003\">17\/07\/2024<\/strong>.<\/p>\t\t\t\t\t\t\t\t<\/div>\n\t\t\t\t<\/div>\n\t\t\t\t\t<\/div>\n\t\t\t\t<\/div>\n\t\t\t\t<\/div>\n\t\t","protected":false},"excerpt":{"rendered":"<p>POL\u00cdTICA DE COOKIES L\u2019acc\u00e9s a aquest Lloc Web pot implicar la utilitzaci\u00f3 de cookies. Les cookies s\u00f3n petites quantitats d\u2019informaci\u00f3 que s\u2019emmagatzemen al navegador utilitzat per cada Usuari \u2014en els diferents dispositius que pugui utilitzar per navegar\u2014 perqu\u00e8 el servidor recordi determinada informaci\u00f3 que posteriorment i \u00fanicament el servidor que la va implementar podr\u00e0 llegir. [&hellip;]<\/p>\n","protected":false},"author":1,"featured_media":0,"parent":0,"menu_order":0,"comment_status":"closed","ping_status":"closed","template":"elementor_header_footer","meta":{"footnotes":""},"class_list":["post-72","page","type-page","status-publish","hentry"],"yoast_head":"<!-- This site is optimized with the Yoast SEO plugin v27.4 - https:\/\/yoast.com\/product\/yoast-seo-wordpress\/ -->\n<title>Pol\u00edtica de cookies - Hotel boutique Aiguaclara a Begur<\/title>\n<meta name=\"robots\" content=\"noindex, nofollow\" \/>\n<meta property=\"og:locale\" content=\"es_ES\" \/>\n<meta property=\"og:type\" content=\"article\" \/>\n<meta property=\"og:title\" content=\"Pol\u00edtica de cookies - Hotel boutique Aiguaclara a Begur\" \/>\n<meta property=\"og:description\" content=\"POL\u00cdTICA DE COOKIES L\u2019acc\u00e9s a aquest Lloc Web pot implicar la utilitzaci\u00f3 de cookies. Les cookies s\u00f3n petites quantitats d\u2019informaci\u00f3 que s\u2019emmagatzemen al navegador utilitzat per cada Usuari \u2014en els diferents dispositius que pugui utilitzar per navegar\u2014 perqu\u00e8 el servidor recordi determinada informaci\u00f3 que posteriorment i \u00fanicament el servidor que la va implementar podr\u00e0 llegir. [&hellip;]\" \/>\n<meta property=\"og:url\" content=\"https:\/\/hotelaiguaclarabegur.com\/cat\/politica-de-cookies\/\" \/>\n<meta property=\"og:site_name\" content=\"Hotel boutique Aiguaclara a Begur\" \/>\n<meta property=\"article:modified_time\" content=\"2026-01-13T22:43:41+00:00\" \/>\n<meta name=\"twitter:card\" content=\"summary_large_image\" \/>\n<meta name=\"twitter:label1\" content=\"Tiempo de lectura\" \/>\n\t<meta name=\"twitter:data1\" content=\"4 minutos\" \/>\n<script type=\"application\/ld+json\" class=\"yoast-schema-graph\">{\"@context\":\"https:\\\/\\\/schema.org\",\"@graph\":[{\"@type\":\"WebPage\",\"@id\":\"https:\\\/\\\/hotelaiguaclarabegur.com\\\/cat\\\/politica-de-cookies\\\/\",\"url\":\"https:\\\/\\\/hotelaiguaclarabegur.com\\\/cat\\\/politica-de-cookies\\\/\",\"name\":\"Pol\u00edtica de cookies - Hotel boutique Aiguaclara a Begur\",\"isPartOf\":{\"@id\":\"https:\\\/\\\/hotelaiguaclarabegur.com\\\/cat\\\/#website\"},\"datePublished\":\"2024-07-17T09:08:17+00:00\",\"dateModified\":\"2026-01-13T22:43:41+00:00\",\"breadcrumb\":{\"@id\":\"https:\\\/\\\/hotelaiguaclarabegur.com\\\/cat\\\/politica-de-cookies\\\/#breadcrumb\"},\"inLanguage\":\"es\",\"potentialAction\":[{\"@type\":\"ReadAction\",\"target\":[\"https:\\\/\\\/hotelaiguaclarabegur.com\\\/cat\\\/politica-de-cookies\\\/\"]}]},{\"@type\":\"BreadcrumbList\",\"@id\":\"https:\\\/\\\/hotelaiguaclarabegur.com\\\/cat\\\/politica-de-cookies\\\/#breadcrumb\",\"itemListElement\":[{\"@type\":\"ListItem\",\"position\":1,\"name\":\"Portada\",\"item\":\"https:\\\/\\\/hotelaiguaclarabegur.com\\\/cat\\\/\"},{\"@type\":\"ListItem\",\"position\":2,\"name\":\"Pol\u00edtica de cookies\"}]},{\"@type\":\"WebSite\",\"@id\":\"https:\\\/\\\/hotelaiguaclarabegur.com\\\/cat\\\/#website\",\"url\":\"https:\\\/\\\/hotelaiguaclarabegur.com\\\/cat\\\/\",\"name\":\"Hotel boutique Aiguaclara a Begur\",\"description\":\"Hotel Restaurante con encanto en Begur\",\"publisher\":{\"@id\":\"https:\\\/\\\/hotelaiguaclarabegur.com\\\/cat\\\/#organization\"},\"potentialAction\":[{\"@type\":\"SearchAction\",\"target\":{\"@type\":\"EntryPoint\",\"urlTemplate\":\"https:\\\/\\\/hotelaiguaclarabegur.com\\\/cat\\\/?s={search_term_string}\"},\"query-input\":{\"@type\":\"PropertyValueSpecification\",\"valueRequired\":true,\"valueName\":\"search_term_string\"}}],\"inLanguage\":\"es\"},{\"@type\":\"Organization\",\"@id\":\"https:\\\/\\\/hotelaiguaclarabegur.com\\\/cat\\\/#organization\",\"name\":\"Hotel boutique Aiguaclara a Begur\",\"url\":\"https:\\\/\\\/hotelaiguaclarabegur.com\\\/cat\\\/\",\"logo\":{\"@type\":\"ImageObject\",\"inLanguage\":\"es\",\"@id\":\"https:\\\/\\\/hotelaiguaclarabegur.com\\\/cat\\\/#\\\/schema\\\/logo\\\/image\\\/\",\"url\":\"https:\\\/\\\/hotelaiguaclarabegur.com\\\/cat\\\/wp-content\\\/uploads\\\/sites\\\/4\\\/Logo-Aiguaclara.webp\",\"contentUrl\":\"https:\\\/\\\/hotelaiguaclarabegur.com\\\/cat\\\/wp-content\\\/uploads\\\/sites\\\/4\\\/Logo-Aiguaclara.webp\",\"width\":400,\"height\":183,\"caption\":\"Hotel boutique Aiguaclara a Begur\"},\"image\":{\"@id\":\"https:\\\/\\\/hotelaiguaclarabegur.com\\\/cat\\\/#\\\/schema\\\/logo\\\/image\\\/\"}}]}<\/script>\n<!-- \/ Yoast SEO plugin. -->","yoast_head_json":{"title":"Pol\u00edtica de cookies - Hotel boutique Aiguaclara a Begur","robots":{"index":"noindex","follow":"nofollow"},"og_locale":"es_ES","og_type":"article","og_title":"Pol\u00edtica de cookies - Hotel boutique Aiguaclara a Begur","og_description":"POL\u00cdTICA DE COOKIES L\u2019acc\u00e9s a aquest Lloc Web pot implicar la utilitzaci\u00f3 de cookies. Les cookies s\u00f3n petites quantitats d\u2019informaci\u00f3 que s\u2019emmagatzemen al navegador utilitzat per cada Usuari \u2014en els diferents dispositius que pugui utilitzar per navegar\u2014 perqu\u00e8 el servidor recordi determinada informaci\u00f3 que posteriorment i \u00fanicament el servidor que la va implementar podr\u00e0 llegir. [&hellip;]","og_url":"https:\/\/hotelaiguaclarabegur.com\/cat\/politica-de-cookies\/","og_site_name":"Hotel boutique Aiguaclara a Begur","article_modified_time":"2026-01-13T22:43:41+00:00","twitter_card":"summary_large_image","twitter_misc":{"Tiempo de lectura":"4 minutos"},"schema":{"@context":"https:\/\/schema.org","@graph":[{"@type":"WebPage","@id":"https:\/\/hotelaiguaclarabegur.com\/cat\/politica-de-cookies\/","url":"https:\/\/hotelaiguaclarabegur.com\/cat\/politica-de-cookies\/","name":"Pol\u00edtica de cookies - Hotel boutique Aiguaclara a Begur","isPartOf":{"@id":"https:\/\/hotelaiguaclarabegur.com\/cat\/#website"},"datePublished":"2024-07-17T09:08:17+00:00","dateModified":"2026-01-13T22:43:41+00:00","breadcrumb":{"@id":"https:\/\/hotelaiguaclarabegur.com\/cat\/politica-de-cookies\/#breadcrumb"},"inLanguage":"es","potentialAction":[{"@type":"ReadAction","target":["https:\/\/hotelaiguaclarabegur.com\/cat\/politica-de-cookies\/"]}]},{"@type":"BreadcrumbList","@id":"https:\/\/hotelaiguaclarabegur.com\/cat\/politica-de-cookies\/#breadcrumb","itemListElement":[{"@type":"ListItem","position":1,"name":"Portada","item":"https:\/\/hotelaiguaclarabegur.com\/cat\/"},{"@type":"ListItem","position":2,"name":"Pol\u00edtica de cookies"}]},{"@type":"WebSite","@id":"https:\/\/hotelaiguaclarabegur.com\/cat\/#website","url":"https:\/\/hotelaiguaclarabegur.com\/cat\/","name":"Hotel boutique Aiguaclara a Begur","description":"Hotel Restaurante con encanto en Begur","publisher":{"@id":"https:\/\/hotelaiguaclarabegur.com\/cat\/#organization"},"potentialAction":[{"@type":"SearchAction","target":{"@type":"EntryPoint","urlTemplate":"https:\/\/hotelaiguaclarabegur.com\/cat\/?s={search_term_string}"},"query-input":{"@type":"PropertyValueSpecification","valueRequired":true,"valueName":"search_term_string"}}],"inLanguage":"es"},{"@type":"Organization","@id":"https:\/\/hotelaiguaclarabegur.com\/cat\/#organization","name":"Hotel boutique Aiguaclara a Begur","url":"https:\/\/hotelaiguaclarabegur.com\/cat\/","logo":{"@type":"ImageObject","inLanguage":"es","@id":"https:\/\/hotelaiguaclarabegur.com\/cat\/#\/schema\/logo\/image\/","url":"https:\/\/hotelaiguaclarabegur.com\/cat\/wp-content\/uploads\/sites\/4\/Logo-Aiguaclara.webp","contentUrl":"https:\/\/hotelaiguaclarabegur.com\/cat\/wp-content\/uploads\/sites\/4\/Logo-Aiguaclara.webp","width":400,"height":183,"caption":"Hotel boutique Aiguaclara a Begur"},"image":{"@id":"https:\/\/hotelaiguaclarabegur.com\/cat\/#\/schema\/logo\/image\/"}}]}},"_links":{"self":[{"href":"https:\/\/hotelaiguaclarabegur.com\/cat\/wp-json\/wp\/v2\/pages\/72","targetHints":{"allow":["GET"]}}],"collection":[{"href":"https:\/\/hotelaiguaclarabegur.com\/cat\/wp-json\/wp\/v2\/pages"}],"about":[{"href":"https:\/\/hotelaiguaclarabegur.com\/cat\/wp-json\/wp\/v2\/types\/page"}],"author":[{"embeddable":true,"href":"https:\/\/hotelaiguaclarabegur.com\/cat\/wp-json\/wp\/v2\/users\/1"}],"replies":[{"embeddable":true,"href":"https:\/\/hotelaiguaclarabegur.com\/cat\/wp-json\/wp\/v2\/comments?post=72"}],"version-history":[{"count":5,"href":"https:\/\/hotelaiguaclarabegur.com\/cat\/wp-json\/wp\/v2\/pages\/72\/revisions"}],"predecessor-version":[{"id":4144,"href":"https:\/\/hotelaiguaclarabegur.com\/cat\/wp-json\/wp\/v2\/pages\/72\/revisions\/4144"}],"wp:attachment":[{"href":"https:\/\/hotelaiguaclarabegur.com\/cat\/wp-json\/wp\/v2\/media?parent=72"}],"curies":[{"name":"wp","href":"https:\/\/api.w.org\/{rel}","templated":true}]}}