{"id":72,"date":"2024-07-17T11:08:17","date_gmt":"2024-07-17T09:08:17","guid":{"rendered":"https:\/\/hotelaiguaclarabegur.com\/?page_id=72"},"modified":"2026-01-13T22:08:34","modified_gmt":"2026-01-13T21:08:34","slug":"politica-de-cookies","status":"publish","type":"page","link":"https:\/\/hotelaiguaclarabegur.com\/fr\/politica-de-cookies\/","title":{"rendered":"Politique en mati\u00e8re de cookies"},"content":{"rendered":"\t\t<div data-elementor-type=\"wp-page\" data-elementor-id=\"72\" class=\"elementor elementor-72\" data-elementor-post-type=\"page\">\n\t\t\t\t<div class=\"elementor-element elementor-element-18a2821 e-flex e-con-boxed e-con e-parent\" data-id=\"18a2821\" data-element_type=\"container\" data-e-type=\"container\">\n\t\t\t\t\t<div class=\"e-con-inner\">\n\t\t<div class=\"elementor-element elementor-element-be67688 e-con-full e-flex e-con e-child\" data-id=\"be67688\" data-element_type=\"container\" data-e-type=\"container\">\n\t\t\t\t<div class=\"elementor-element elementor-element-bde42a3 elementor-widget elementor-widget-text-editor\" data-id=\"bde42a3\" data-element_type=\"widget\" data-e-type=\"widget\" data-widget_type=\"text-editor.default\">\n\t\t\t\t\t\t\t\t\t<p><strong>POLITIQUE EN MATI\u00c8RE DE COOKIES<\/strong><\/p><p><strong>hotelaiguaclarabegur.com<\/strong><\/p><p>L&#8217;acc\u00e8s \u00e0 ce site Web peut impliquer l&#8217;utilisation de cookies. Les cookies sont de petites quantit\u00e9s d&#8217;informations qui sont stock\u00e9es dans le navigateur utilis\u00e9 par chaque utilisateur \u2014 sur les diff\u00e9rents appareils qu&#8217;il peut utiliser pour naviguer \u2014 afin que le serveur se souvienne de certaines informations qui seront ensuite lues uniquement par le serveur qui les a mises en place. Les cookies facilitent la navigation, la rendent plus conviviale et n&#8217;endommagent pas l&#8217;appareil de navigation.<\/p><p>Les cookies sont des proc\u00e9dures automatiques de collecte d&#8217;informations relatives aux pr\u00e9f\u00e9rences d\u00e9termin\u00e9es par l&#8217;utilisateur lors de sa visite sur le site Web afin de le reconna\u00eetre en tant qu&#8217;utilisateur et de personnaliser son exp\u00e9rience et son utilisation du site Web. Ils peuvent \u00e9galement, par exemple, aider \u00e0 identifier et \u00e0 r\u00e9soudre des erreurs.<\/p><p>Les informations collect\u00e9es par le biais des cookies peuvent inclure la date et l&#8217;heure des visites sur le site Web, les pages consult\u00e9es, le temps pass\u00e9 sur le site Web et les sites visit\u00e9s juste avant et apr\u00e8s celui-ci. Cependant, aucun cookie ne permet de contacter l&#8217;utilisateur \u00e0 son num\u00e9ro de t\u00e9l\u00e9phone ou par tout autre moyen de contact personnel. Aucun cookie ne peut extraire des informations du disque dur de l&#8217;utilisateur ou voler des informations personnelles. La seule fa\u00e7on pour que les informations priv\u00e9es de l&#8217;utilisateur soient int\u00e9gr\u00e9es au fichier cookie est que l&#8217;utilisateur fournisse personnellement ces informations au serveur.<\/p><p>Les cookies qui permettent d&#8217;identifier une personne sont consid\u00e9r\u00e9s comme des donn\u00e9es personnelles. Par cons\u00e9quent, la politique de confidentialit\u00e9 d\u00e9crite ci-dessus leur est applicable. \u00c0 cet \u00e9gard, leur utilisation n\u00e9cessite le consentement de l&#8217;utilisateur. Ce consentement sera communiqu\u00e9, sur la base d&#8217;un choix authentique, offert par une d\u00e9cision affirmative et positive, avant le traitement initial, r\u00e9vocable et document\u00e9.<\/p><p><strong>Cookies propres<\/strong><\/p><p>Il s&#8217;agit des cookies qui sont envoy\u00e9s \u00e0 l&#8217;ordinateur ou \u00e0 l&#8217;appareil de l&#8217;utilisateur et g\u00e9r\u00e9s exclusivement par A Quatre Vents De Begur SL pour le meilleur fonctionnement du site web. Les informations collect\u00e9es sont utilis\u00e9es pour am\u00e9liorer la qualit\u00e9 du site web et de son contenu, ainsi que votre exp\u00e9rience en tant qu&#8217;utilisateur. Ces cookies permettent de reconna\u00eetre l&#8217;utilisateur comme un visiteur r\u00e9gulier du site web et d&#8217;adapter le contenu afin de lui proposer des informations qui correspondent \u00e0 ses pr\u00e9f\u00e9rences.<\/p><p><strong>Cookies tiers<\/strong><\/p><p>Il s&#8217;agit de cookies utilis\u00e9s et g\u00e9r\u00e9s par des entit\u00e9s externes qui fournissent \u00e0 A Quatre Vents De Begur SL les services demand\u00e9s par celle-ci afin d&#8217;am\u00e9liorer le site web et l&#8217;exp\u00e9rience de l&#8217;utilisateur lorsqu&#8217;il navigue sur le site web. Les principaux objectifs pour lesquels les cookies tiers sont utilis\u00e9s sont l&#8217;obtention de statistiques d&#8217;acc\u00e8s et l&#8217;analyse des informations de navigation, c&#8217;est-\u00e0-dire la mani\u00e8re dont l&#8217;utilisateur interagit avec le site web.<\/p><p>Les informations obtenues concernent, par exemple, le nombre de pages consult\u00e9es, la langue, le lieu d&#8217;o\u00f9 provient l&#8217;adresse IP \u00e0 partir de laquelle l&#8217;utilisateur acc\u00e8de au site, le nombre d&#8217;utilisateurs qui y acc\u00e8dent, la fr\u00e9quence et la r\u00e9currence des visites, la dur\u00e9e de la visite, le navigateur utilis\u00e9, l&#8217;op\u00e9rateur ou le type d&#8217;appareil \u00e0 partir duquel la visite est effectu\u00e9e. Ces informations sont utilis\u00e9es pour am\u00e9liorer le site web et d\u00e9tecter de nouveaux besoins afin d&#8217;offrir aux utilisateurs un contenu et\/ou un service de qualit\u00e9 optimale. Dans tous les cas, les informations sont collect\u00e9es de mani\u00e8re anonyme et des rapports sur les tendances du site web sont \u00e9labor\u00e9s sans identifier les utilisateurs individuels.<\/p><p>Vous pouvez obtenir plus d&#8217;informations sur les cookies, les informations relatives \u00e0 la confidentialit\u00e9, ou consulter la description du type de cookies utilis\u00e9s, leurs principales caract\u00e9ristiques, leur dur\u00e9e de validit\u00e9, etc. en cliquant sur le(s) lien(s) suivant(s) :<\/p><p>https:\/\/analytics.google.com\/ https:\/\/es-es.facebook.com\/business\/tools\/meta-pixel<\/p><p>L&#8217;entit\u00e9 ou les entit\u00e9s charg\u00e9es de fournir des cookies peuvent transmettre ces informations \u00e0 des tiers, \u00e0 condition que la loi l&#8217;exige ou qu&#8217;un tiers traite ces informations pour le compte de ces entit\u00e9s.<\/p><p><strong>Cookies des r\u00e9seaux sociaux<\/strong><\/p><p>A Quatre Vents De Begur SL int\u00e8gre des plugins de r\u00e9seaux sociaux qui permettent d&#8217;acc\u00e9der \u00e0 ceux-ci \u00e0 partir du site Web. Pour cette raison, les cookies des r\u00e9seaux sociaux peuvent \u00eatre stock\u00e9s dans le navigateur de l&#8217;utilisateur. Les propri\u00e9taires de ces r\u00e9seaux sociaux disposent de leurs propres politiques de protection des donn\u00e9es et de cookies, et sont eux-m\u00eames responsables, dans chaque cas, de leurs propres fichiers et de leurs propres pratiques en mati\u00e8re de confidentialit\u00e9. L&#8217;utilisateur doit se r\u00e9f\u00e9rer \u00e0 celles-ci pour s&#8217;informer sur ces cookies et, le cas \u00e9ch\u00e9ant, sur le traitement de ses donn\u00e9es personnelles. \u00c0 titre informatif uniquement, voici les liens o\u00f9 vous pouvez consulter ces politiques de confidentialit\u00e9 et\/ou de cookies :<\/p><ul><li>Facebook: <a href=\"https:\/\/www.facebook.com\/policies\/cookies\/\">https:\/\/www.facebook.com\/policies\/cookies\/<\/a><\/li><li>Twitter: <a href=\"https:\/\/twitter.com\/es\/privacy\">https:\/\/twitter.com\/es\/privacy<\/a><\/li><li>Instagram: <a href=\"https:\/\/help.instagram.com\/1896641480634370?ref=ig\">https:\/\/help.instagram.com\/1896641480634370?ref=ig<\/a><\/li><li>YouTube: <a href=\"https:\/\/policies.google.com\/privacy?hl=es-419&amp;gl=mx\">https:\/\/policies.google.com\/privacy?hl=es-419&amp;gl=mx<\/a><\/li><li>Pinterest: <a href=\"https:\/\/policy.pinterest.com\/es\/privacy-policy\">https:\/\/policy.pinterest.com\/es\/privacy-policy<\/a><\/li><li>LinkedIn: <a href=\"https:\/\/www.linkedin.com\/legal\/cookie-policy?trk=hp-cookies\">https:\/\/www.linkedin.com\/legal\/cookie-policy?trk=hp-cookies<\/a><\/li><\/ul><p><strong>D\u00e9sactiver, refuser et supprimer les cookies<\/strong><\/p><p>L&#8217;utilisateur peut d\u00e9sactiver, refuser et supprimer les cookies, en tout ou en partie, install\u00e9s sur son appareil en configurant son navigateur (par exemple Chrome, Firefox, Safari, Explorer). \u00c0 cet \u00e9gard, les proc\u00e9dures de refus et de suppression des cookies peuvent diff\u00e9rer d&#8217;un navigateur Internet \u00e0 l&#8217;autre. Par cons\u00e9quent, l&#8217;utilisateur doit se r\u00e9f\u00e9rer aux instructions fournies par le navigateur Internet qu&#8217;il utilise. Si vous refusez l&#8217;utilisation des cookies, en tout ou en partie, vous pourrez continuer \u00e0 utiliser le site web, mais l&#8217;utilisation de certaines de ses fonctionnalit\u00e9s pourra \u00eatre limit\u00e9e.<\/p><p>Ce document relatif \u00e0 la politique en mati\u00e8re de cookies a \u00e9t\u00e9 cr\u00e9\u00e9 \u00e0 l&#8217;aide du g\u00e9n\u00e9rateur de <a href=\"https:\/\/textos-legales.edgartamarit.com\/\">mod\u00e8le gratuit de politique en mati\u00e8re de cookies web<\/a> en ligne le 17\/07\/2024.<\/p>\t\t\t\t\t\t\t\t<\/div>\n\t\t\t\t<\/div>\n\t\t\t\t\t<\/div>\n\t\t\t\t<\/div>\n\t\t\t\t<\/div>\n\t\t","protected":false},"excerpt":{"rendered":"<p>POLITIQUE EN MATI\u00c8RE DE COOKIES L&#8217;acc\u00e8s \u00e0 ce site Web peut impliquer l&#8217;utilisation de cookies. Les cookies sont de petites quantit\u00e9s d&#8217;informations qui sont stock\u00e9es dans le navigateur utilis\u00e9 par chaque utilisateur \u2014 sur les diff\u00e9rents appareils qu&#8217;il peut utiliser pour naviguer \u2014 afin que le serveur se souvienne de certaines informations qui seront ensuite [&hellip;]<\/p>\n","protected":false},"author":1,"featured_media":0,"parent":0,"menu_order":0,"comment_status":"closed","ping_status":"closed","template":"elementor_header_footer","meta":{"footnotes":""},"class_list":["post-72","page","type-page","status-publish","hentry"],"yoast_head":"<!-- This site is optimized with the Yoast SEO plugin v27.4 - https:\/\/yoast.com\/product\/yoast-seo-wordpress\/ -->\n<title>Politique en mati\u00e8re de cookies - H\u00f4tel boutique Aiguaclara \u00e0 Begur<\/title>\n<meta name=\"robots\" content=\"noindex, nofollow\" \/>\n<meta property=\"og:locale\" content=\"es_ES\" \/>\n<meta property=\"og:type\" content=\"article\" \/>\n<meta property=\"og:title\" content=\"Politique en mati\u00e8re de cookies - H\u00f4tel boutique Aiguaclara \u00e0 Begur\" \/>\n<meta property=\"og:description\" content=\"POLITIQUE EN MATI\u00c8RE DE COOKIES L&#8217;acc\u00e8s \u00e0 ce site Web peut impliquer l&#8217;utilisation de cookies. Les cookies sont de petites quantit\u00e9s d&#8217;informations qui sont stock\u00e9es dans le navigateur utilis\u00e9 par chaque utilisateur \u2014 sur les diff\u00e9rents appareils qu&#8217;il peut utiliser pour naviguer \u2014 afin que le serveur se souvienne de certaines informations qui seront ensuite [&hellip;]\" \/>\n<meta property=\"og:url\" content=\"https:\/\/hotelaiguaclarabegur.com\/fr\/politica-de-cookies\/\" \/>\n<meta property=\"og:site_name\" content=\"H\u00f4tel boutique Aiguaclara \u00e0 Begur\" \/>\n<meta property=\"article:modified_time\" content=\"2026-01-13T21:08:34+00:00\" \/>\n<meta name=\"twitter:card\" content=\"summary_large_image\" \/>\n<meta name=\"twitter:label1\" content=\"Tiempo de lectura\" \/>\n\t<meta name=\"twitter:data1\" content=\"5 minutos\" \/>\n<script type=\"application\/ld+json\" class=\"yoast-schema-graph\">{\"@context\":\"https:\\\/\\\/schema.org\",\"@graph\":[{\"@type\":\"WebPage\",\"@id\":\"https:\\\/\\\/hotelaiguaclarabegur.com\\\/fr\\\/politica-de-cookies\\\/\",\"url\":\"https:\\\/\\\/hotelaiguaclarabegur.com\\\/fr\\\/politica-de-cookies\\\/\",\"name\":\"Politique en mati\u00e8re de cookies - H\u00f4tel boutique Aiguaclara \u00e0 Begur\",\"isPartOf\":{\"@id\":\"https:\\\/\\\/hotelaiguaclarabegur.com\\\/fr\\\/#website\"},\"datePublished\":\"2024-07-17T09:08:17+00:00\",\"dateModified\":\"2026-01-13T21:08:34+00:00\",\"breadcrumb\":{\"@id\":\"https:\\\/\\\/hotelaiguaclarabegur.com\\\/fr\\\/politica-de-cookies\\\/#breadcrumb\"},\"inLanguage\":\"es\",\"potentialAction\":[{\"@type\":\"ReadAction\",\"target\":[\"https:\\\/\\\/hotelaiguaclarabegur.com\\\/fr\\\/politica-de-cookies\\\/\"]}]},{\"@type\":\"BreadcrumbList\",\"@id\":\"https:\\\/\\\/hotelaiguaclarabegur.com\\\/fr\\\/politica-de-cookies\\\/#breadcrumb\",\"itemListElement\":[{\"@type\":\"ListItem\",\"position\":1,\"name\":\"Portada\",\"item\":\"https:\\\/\\\/hotelaiguaclarabegur.com\\\/fr\\\/\"},{\"@type\":\"ListItem\",\"position\":2,\"name\":\"Politique en mati\u00e8re de cookies\"}]},{\"@type\":\"WebSite\",\"@id\":\"https:\\\/\\\/hotelaiguaclarabegur.com\\\/fr\\\/#website\",\"url\":\"https:\\\/\\\/hotelaiguaclarabegur.com\\\/fr\\\/\",\"name\":\"H\u00f4tel boutique Aiguaclara \u00e0 Begur\",\"description\":\"Hotel Restaurante con encanto en Begur\",\"publisher\":{\"@id\":\"https:\\\/\\\/hotelaiguaclarabegur.com\\\/fr\\\/#organization\"},\"potentialAction\":[{\"@type\":\"SearchAction\",\"target\":{\"@type\":\"EntryPoint\",\"urlTemplate\":\"https:\\\/\\\/hotelaiguaclarabegur.com\\\/fr\\\/?s={search_term_string}\"},\"query-input\":{\"@type\":\"PropertyValueSpecification\",\"valueRequired\":true,\"valueName\":\"search_term_string\"}}],\"inLanguage\":\"es\"},{\"@type\":\"Organization\",\"@id\":\"https:\\\/\\\/hotelaiguaclarabegur.com\\\/fr\\\/#organization\",\"name\":\"H\u00f4tel boutique Aiguaclara \u00e0 Begur\",\"url\":\"https:\\\/\\\/hotelaiguaclarabegur.com\\\/fr\\\/\",\"logo\":{\"@type\":\"ImageObject\",\"inLanguage\":\"es\",\"@id\":\"https:\\\/\\\/hotelaiguaclarabegur.com\\\/fr\\\/#\\\/schema\\\/logo\\\/image\\\/\",\"url\":\"https:\\\/\\\/hotelaiguaclarabegur.com\\\/fr\\\/wp-content\\\/uploads\\\/sites\\\/3\\\/Logo-Aiguaclara.webp\",\"contentUrl\":\"https:\\\/\\\/hotelaiguaclarabegur.com\\\/fr\\\/wp-content\\\/uploads\\\/sites\\\/3\\\/Logo-Aiguaclara.webp\",\"width\":400,\"height\":183,\"caption\":\"H\u00f4tel boutique Aiguaclara \u00e0 Begur\"},\"image\":{\"@id\":\"https:\\\/\\\/hotelaiguaclarabegur.com\\\/fr\\\/#\\\/schema\\\/logo\\\/image\\\/\"}}]}<\/script>\n<!-- \/ Yoast SEO plugin. -->","yoast_head_json":{"title":"Politique en mati\u00e8re de cookies - H\u00f4tel boutique Aiguaclara \u00e0 Begur","robots":{"index":"noindex","follow":"nofollow"},"og_locale":"es_ES","og_type":"article","og_title":"Politique en mati\u00e8re de cookies - H\u00f4tel boutique Aiguaclara \u00e0 Begur","og_description":"POLITIQUE EN MATI\u00c8RE DE COOKIES L&#8217;acc\u00e8s \u00e0 ce site Web peut impliquer l&#8217;utilisation de cookies. Les cookies sont de petites quantit\u00e9s d&#8217;informations qui sont stock\u00e9es dans le navigateur utilis\u00e9 par chaque utilisateur \u2014 sur les diff\u00e9rents appareils qu&#8217;il peut utiliser pour naviguer \u2014 afin que le serveur se souvienne de certaines informations qui seront ensuite [&hellip;]","og_url":"https:\/\/hotelaiguaclarabegur.com\/fr\/politica-de-cookies\/","og_site_name":"H\u00f4tel boutique Aiguaclara \u00e0 Begur","article_modified_time":"2026-01-13T21:08:34+00:00","twitter_card":"summary_large_image","twitter_misc":{"Tiempo de lectura":"5 minutos"},"schema":{"@context":"https:\/\/schema.org","@graph":[{"@type":"WebPage","@id":"https:\/\/hotelaiguaclarabegur.com\/fr\/politica-de-cookies\/","url":"https:\/\/hotelaiguaclarabegur.com\/fr\/politica-de-cookies\/","name":"Politique en mati\u00e8re de cookies - H\u00f4tel boutique Aiguaclara \u00e0 Begur","isPartOf":{"@id":"https:\/\/hotelaiguaclarabegur.com\/fr\/#website"},"datePublished":"2024-07-17T09:08:17+00:00","dateModified":"2026-01-13T21:08:34+00:00","breadcrumb":{"@id":"https:\/\/hotelaiguaclarabegur.com\/fr\/politica-de-cookies\/#breadcrumb"},"inLanguage":"es","potentialAction":[{"@type":"ReadAction","target":["https:\/\/hotelaiguaclarabegur.com\/fr\/politica-de-cookies\/"]}]},{"@type":"BreadcrumbList","@id":"https:\/\/hotelaiguaclarabegur.com\/fr\/politica-de-cookies\/#breadcrumb","itemListElement":[{"@type":"ListItem","position":1,"name":"Portada","item":"https:\/\/hotelaiguaclarabegur.com\/fr\/"},{"@type":"ListItem","position":2,"name":"Politique en mati\u00e8re de cookies"}]},{"@type":"WebSite","@id":"https:\/\/hotelaiguaclarabegur.com\/fr\/#website","url":"https:\/\/hotelaiguaclarabegur.com\/fr\/","name":"H\u00f4tel boutique Aiguaclara \u00e0 Begur","description":"Hotel Restaurante con encanto en Begur","publisher":{"@id":"https:\/\/hotelaiguaclarabegur.com\/fr\/#organization"},"potentialAction":[{"@type":"SearchAction","target":{"@type":"EntryPoint","urlTemplate":"https:\/\/hotelaiguaclarabegur.com\/fr\/?s={search_term_string}"},"query-input":{"@type":"PropertyValueSpecification","valueRequired":true,"valueName":"search_term_string"}}],"inLanguage":"es"},{"@type":"Organization","@id":"https:\/\/hotelaiguaclarabegur.com\/fr\/#organization","name":"H\u00f4tel boutique Aiguaclara \u00e0 Begur","url":"https:\/\/hotelaiguaclarabegur.com\/fr\/","logo":{"@type":"ImageObject","inLanguage":"es","@id":"https:\/\/hotelaiguaclarabegur.com\/fr\/#\/schema\/logo\/image\/","url":"https:\/\/hotelaiguaclarabegur.com\/fr\/wp-content\/uploads\/sites\/3\/Logo-Aiguaclara.webp","contentUrl":"https:\/\/hotelaiguaclarabegur.com\/fr\/wp-content\/uploads\/sites\/3\/Logo-Aiguaclara.webp","width":400,"height":183,"caption":"H\u00f4tel boutique Aiguaclara \u00e0 Begur"},"image":{"@id":"https:\/\/hotelaiguaclarabegur.com\/fr\/#\/schema\/logo\/image\/"}}]}},"_links":{"self":[{"href":"https:\/\/hotelaiguaclarabegur.com\/fr\/wp-json\/wp\/v2\/pages\/72","targetHints":{"allow":["GET"]}}],"collection":[{"href":"https:\/\/hotelaiguaclarabegur.com\/fr\/wp-json\/wp\/v2\/pages"}],"about":[{"href":"https:\/\/hotelaiguaclarabegur.com\/fr\/wp-json\/wp\/v2\/types\/page"}],"author":[{"embeddable":true,"href":"https:\/\/hotelaiguaclarabegur.com\/fr\/wp-json\/wp\/v2\/users\/1"}],"replies":[{"embeddable":true,"href":"https:\/\/hotelaiguaclarabegur.com\/fr\/wp-json\/wp\/v2\/comments?post=72"}],"version-history":[{"count":6,"href":"https:\/\/hotelaiguaclarabegur.com\/fr\/wp-json\/wp\/v2\/pages\/72\/revisions"}],"predecessor-version":[{"id":4134,"href":"https:\/\/hotelaiguaclarabegur.com\/fr\/wp-json\/wp\/v2\/pages\/72\/revisions\/4134"}],"wp:attachment":[{"href":"https:\/\/hotelaiguaclarabegur.com\/fr\/wp-json\/wp\/v2\/media?parent=72"}],"curies":[{"name":"wp","href":"https:\/\/api.w.org\/{rel}","templated":true}]}}